{"id":588,"date":"2024-08-12T05:27:56","date_gmt":"2024-08-12T04:27:56","guid":{"rendered":"http:\/\/psbowling.s4.kimsoft.se\/?page_id=588"},"modified":"2024-09-11T13:33:52","modified_gmt":"2024-09-11T12:33:52","slug":"sportbowling","status":"publish","type":"page","link":"https:\/\/psbowling.se\/?page_id=588","title":{"rendered":"Sportbowling"},"content":{"rendered":"\t\t<div data-elementor-type=\"wp-page\" data-elementor-id=\"588\" class=\"elementor elementor-588\" data-elementor-post-type=\"page\">\n\t\t\t\t\t\t\t\t\t<section class=\"elementor-section elementor-top-section elementor-element elementor-element-1c727bb elementor-section-height-min-height elementor-section-boxed elementor-section-height-default elementor-section-items-middle\" data-id=\"1c727bb\" data-element_type=\"section\" data-settings=\"{&quot;background_background&quot;:&quot;classic&quot;}\">\n\t\t\t\t\t\t\t<div class=\"elementor-background-overlay\"><\/div>\n\t\t\t\t\t\t\t<div class=\"elementor-container elementor-column-gap-default\">\n\t\t\t\t\t<div class=\"elementor-column elementor-col-100 elementor-top-column elementor-element elementor-element-f7f15b1\" data-id=\"f7f15b1\" data-element_type=\"column\">\n\t\t\t<div class=\"elementor-widget-wrap elementor-element-populated\">\n\t\t\t\t\t\t\t\t<div class=\"elementor-element elementor-element-8df96c1 elementor-blockquote--skin-quotation elementor-blockquote--align-center elementor-blockquote--button-color-official elementor-widget elementor-widget-blockquote\" data-id=\"8df96c1\" data-element_type=\"widget\" data-widget_type=\"blockquote.default\">\n\t\t\t\t<div class=\"elementor-widget-container\">\n\t\t\t\t\t<blockquote class=\"elementor-blockquote\">\n\t\t\t<p class=\"elementor-blockquote__content\">\n\t\t\t\tVi som jobbar i, och driver PS V\u00e4sby Bowling brinner f\u00f6r sportbowling, oavsett om det \u00e4r barn och ungdom-, para- bredd- eller elitbowling.\t\t\t<\/p>\n\t\t\t\t\t<\/blockquote>\n\t\t\t\t<\/div>\n\t\t\t\t<\/div>\n\t\t\t\t\t<\/div>\n\t\t<\/div>\n\t\t\t\t\t\t\t<\/div>\n\t\t<\/section>\n\t\t\t\t<section class=\"elementor-section elementor-top-section elementor-element elementor-element-ee13ccf elementor-section-boxed elementor-section-height-default elementor-section-height-default\" data-id=\"ee13ccf\" data-element_type=\"section\">\n\t\t\t\t\t\t<div class=\"elementor-container elementor-column-gap-default\">\n\t\t\t\t\t<div class=\"elementor-column elementor-col-100 elementor-top-column elementor-element elementor-element-37931f3\" data-id=\"37931f3\" data-element_type=\"column\">\n\t\t\t<div class=\"elementor-widget-wrap elementor-element-populated\">\n\t\t\t\t\t\t\t\t<div class=\"elementor-element elementor-element-004d4a3 elementor-widget elementor-widget-spacer\" data-id=\"004d4a3\" data-element_type=\"widget\" data-widget_type=\"spacer.default\">\n\t\t\t\t<div class=\"elementor-widget-container\">\n\t\t\t\t\t<div class=\"elementor-spacer\">\n\t\t\t<div class=\"elementor-spacer-inner\"><\/div>\n\t\t<\/div>\n\t\t\t\t<\/div>\n\t\t\t\t<\/div>\n\t\t\t\t<div class=\"elementor-element elementor-element-9de1579 elementor-widget elementor-widget-heading\" data-id=\"9de1579\" data-element_type=\"widget\" data-widget_type=\"heading.default\">\n\t\t\t\t<div class=\"elementor-widget-container\">\n\t\t\t<h2 class=\"elementor-heading-title elementor-size-default\">Hj\u00e4lpmedel<\/h2>\t\t<\/div>\n\t\t\t\t<\/div>\n\t\t\t\t\t<\/div>\n\t\t<\/div>\n\t\t\t\t\t\t\t<\/div>\n\t\t<\/section>\n\t\t\t\t<section class=\"elementor-section elementor-top-section elementor-element elementor-element-72112a1 elementor-section-boxed elementor-section-height-default elementor-section-height-default\" data-id=\"72112a1\" data-element_type=\"section\">\n\t\t\t\t\t\t<div class=\"elementor-container elementor-column-gap-default\">\n\t\t\t\t\t<div class=\"elementor-column elementor-col-100 elementor-top-column elementor-element elementor-element-4c43744\" data-id=\"4c43744\" data-element_type=\"column\">\n\t\t\t<div class=\"elementor-widget-wrap elementor-element-populated\">\n\t\t\t\t\t\t\t\t<div class=\"elementor-element elementor-element-6897bac elementor-widget elementor-widget-text-editor\" data-id=\"6897bac\" data-element_type=\"widget\" data-widget_type=\"text-editor.default\">\n\t\t\t\t<div class=\"elementor-widget-container\">\n\t\t\t\t\t\t\t<p>Vi brinner och st\u00f6djer sportbowling p\u00e5 alla de s\u00e4tt vi kan. Oavsett niv\u00e5, nyb\u00f6rjare eller elit.<\/p><p>Vi har \u00e4ven hj\u00e4lpmedel f\u00f6r parabowlare och v\u00e5ra banor \u00e4r tillg\u00e4nghetsanpassade f\u00f6r rullstolsbundna.<\/p>\t\t\t\t\t\t<\/div>\n\t\t\t\t<\/div>\n\t\t\t\t\t<\/div>\n\t\t<\/div>\n\t\t\t\t\t\t\t<\/div>\n\t\t<\/section>\n\t\t\t\t<section class=\"elementor-section elementor-top-section elementor-element elementor-element-335097d elementor-section-boxed elementor-section-height-default elementor-section-height-default\" data-id=\"335097d\" data-element_type=\"section\">\n\t\t\t\t\t\t<div class=\"elementor-container elementor-column-gap-default\">\n\t\t\t\t\t<div class=\"elementor-column elementor-col-100 elementor-top-column elementor-element elementor-element-b22fde2\" data-id=\"b22fde2\" data-element_type=\"column\">\n\t\t\t<div class=\"elementor-widget-wrap elementor-element-populated\">\n\t\t\t\t\t\t\t\t<section class=\"elementor-section elementor-inner-section elementor-element elementor-element-6b6c869 elementor-section-boxed elementor-section-height-default elementor-section-height-default\" data-id=\"6b6c869\" data-element_type=\"section\">\n\t\t\t\t\t\t<div class=\"elementor-container elementor-column-gap-default\">\n\t\t\t\t\t<div class=\"elementor-column elementor-col-50 elementor-inner-column elementor-element elementor-element-082189e\" data-id=\"082189e\" data-element_type=\"column\">\n\t\t\t<div class=\"elementor-widget-wrap elementor-element-populated\">\n\t\t\t\t\t\t\t\t<div class=\"elementor-element elementor-element-4ddbcbf elementor-widget elementor-widget-text-editor\" data-id=\"4ddbcbf\" data-element_type=\"widget\" data-widget_type=\"text-editor.default\">\n\t\t\t\t<div class=\"elementor-widget-container\">\n\t\t\t\t\t\t\t<h3>Specto Bowling<\/h3><p>Specto is a tracking system for centers, bowlers, and coaches. It records information about bowlers\u2019 shots using an advanced sensor and displays it to them on an easy-to-use app. The app also includes game-like modules Worlds and Challenges for practicing.<\/p><p class=\"\">Specto\u2019s Lidar based sensor cover 6 lanes (lane 1-6).<\/p><ul data-rte-list=\"default\"><li><p class=\"\">Can be used with the FREE Specto Mobile apps and Coaches\u2019 App (PC)<\/p><\/li><li><p class=\"\">Up to 40 data points to analyze<\/p><\/li><li><p class=\"\">Lidar Sensor that gets about 60 readings per lane<\/p><\/li><\/ul>\t\t\t\t\t\t<\/div>\n\t\t\t\t<\/div>\n\t\t\t\t\t<\/div>\n\t\t<\/div>\n\t\t\t\t<div class=\"elementor-column elementor-col-50 elementor-inner-column elementor-element elementor-element-713fc8a\" data-id=\"713fc8a\" data-element_type=\"column\">\n\t\t\t<div class=\"elementor-widget-wrap elementor-element-populated\">\n\t\t\t\t\t\t\t\t<div class=\"elementor-element elementor-element-6d8ad90 elementor-widget elementor-widget-image\" data-id=\"6d8ad90\" data-element_type=\"widget\" data-widget_type=\"image.default\">\n\t\t\t\t<div class=\"elementor-widget-container\">\n\t\t\t\t\t\t\t\t\t\t\t\t\t\t\t<img decoding=\"async\" width=\"800\" height=\"444\" src=\"https:\/\/psbowling.se\/wp-content\/uploads\/2024\/08\/Specto.png\" class=\"attachment-large size-large wp-image-1436\" alt=\"\" loading=\"lazy\" srcset=\"https:\/\/psbowling.se\/wp-content\/uploads\/2024\/08\/Specto.png 1000w, https:\/\/psbowling.se\/wp-content\/uploads\/2024\/08\/Specto-300x167.png 300w, https:\/\/psbowling.se\/wp-content\/uploads\/2024\/08\/Specto-768x426.png 768w, https:\/\/psbowling.se\/wp-content\/uploads\/2024\/08\/Specto-600x333.png 600w\" sizes=\"(max-width: 800px) 100vw, 800px\" \/>\t\t\t\t\t\t\t\t\t\t\t\t\t\t\t<\/div>\n\t\t\t\t<\/div>\n\t\t\t\t\t<\/div>\n\t\t<\/div>\n\t\t\t\t\t\t\t<\/div>\n\t\t<\/section>\n\t\t\t\t<section class=\"elementor-section elementor-inner-section elementor-element elementor-element-a7806ad elementor-section-boxed elementor-section-height-default elementor-section-height-default\" data-id=\"a7806ad\" data-element_type=\"section\">\n\t\t\t\t\t\t<div class=\"elementor-container elementor-column-gap-default\">\n\t\t\t\t\t<div class=\"elementor-column elementor-col-50 elementor-inner-column elementor-element elementor-element-818e1d8\" data-id=\"818e1d8\" data-element_type=\"column\">\n\t\t\t<div class=\"elementor-widget-wrap elementor-element-populated\">\n\t\t\t\t\t\t\t\t<div class=\"elementor-element elementor-element-42d562c elementor-widget elementor-widget-image\" data-id=\"42d562c\" data-element_type=\"widget\" data-widget_type=\"image.default\">\n\t\t\t\t<div class=\"elementor-widget-container\">\n\t\t\t\t\t\t\t\t\t\t\t\t\t\t\t<img decoding=\"async\" width=\"750\" height=\"500\" src=\"https:\/\/psbowling.se\/wp-content\/uploads\/2024\/08\/Torch.jpeg\" class=\"attachment-large size-large wp-image-1437\" alt=\"\" loading=\"lazy\" srcset=\"https:\/\/psbowling.se\/wp-content\/uploads\/2024\/08\/Torch.jpeg 750w, https:\/\/psbowling.se\/wp-content\/uploads\/2024\/08\/Torch-300x200.jpeg 300w, https:\/\/psbowling.se\/wp-content\/uploads\/2024\/08\/Torch-600x400.jpeg 600w\" sizes=\"(max-width: 750px) 100vw, 750px\" \/>\t\t\t\t\t\t\t\t\t\t\t\t\t\t\t<\/div>\n\t\t\t\t<\/div>\n\t\t\t\t\t<\/div>\n\t\t<\/div>\n\t\t\t\t<div class=\"elementor-column elementor-col-50 elementor-inner-column elementor-element elementor-element-19c031d\" data-id=\"19c031d\" data-element_type=\"column\">\n\t\t\t<div class=\"elementor-widget-wrap elementor-element-populated\">\n\t\t\t\t\t\t\t\t<div class=\"elementor-element elementor-element-3af7005 elementor-widget elementor-widget-text-editor\" data-id=\"3af7005\" data-element_type=\"widget\" data-widget_type=\"text-editor.default\">\n\t\t\t\t<div class=\"elementor-widget-container\">\n\t\t\t\t\t\t\t<h3 class=\"preScale scaleIn\">TORCH LANE TARGETING LIGHT<\/h3><ul data-rte-list=\"default\"><li><p class=\"preFade fadeIn\">Helps define a bowlers starting point<\/p><\/li><li><p class=\"preFade fadeIn\">Helps bowlers to see the laydown point<\/p><\/li><li><p class=\"preFade fadeIn\">Helps keep the swing path in-line with the target path<\/p><\/li><li><p class=\"preFade fadeIn\">Helps keep the head stable throughout the approach<\/p><\/li><li><p class=\"preFade fadeIn\">Shows how the target changes if a bowler drifts left or right<\/p><\/li><\/ul>\t\t\t\t\t\t<\/div>\n\t\t\t\t<\/div>\n\t\t\t\t\t<\/div>\n\t\t<\/div>\n\t\t\t\t\t\t\t<\/div>\n\t\t<\/section>\n\t\t\t\t\t<\/div>\n\t\t<\/div>\n\t\t\t\t\t\t\t<\/div>\n\t\t<\/section>\n\t\t\t\t\t\t\t<\/div>\n\t\t","protected":false},"excerpt":{"rendered":"<p>Vi som jobbar i, och driver PS V\u00e4sby Bowling brinner f\u00f6r sportbowling, oavsett om det \u00e4r barn och ungdom-, para- bredd- eller elitbowling. Hj\u00e4lpmedel Vi brinner och st\u00f6djer sportbowling p\u00e5 alla de s\u00e4tt vi kan. Oavsett niv\u00e5, nyb\u00f6rjare eller elit. Vi har \u00e4ven hj\u00e4lpmedel f\u00f6r parabowlare och v\u00e5ra banor \u00e4r tillg\u00e4nghetsanpassade f\u00f6r rullstolsbundna. Specto Bowling [&hellip;]<\/p>\n","protected":false},"author":3,"featured_media":0,"parent":0,"menu_order":0,"comment_status":"closed","ping_status":"closed","template":"elementor_header_footer","meta":[],"_links":{"self":[{"href":"https:\/\/psbowling.se\/index.php?rest_route=\/wp\/v2\/pages\/588"}],"collection":[{"href":"https:\/\/psbowling.se\/index.php?rest_route=\/wp\/v2\/pages"}],"about":[{"href":"https:\/\/psbowling.se\/index.php?rest_route=\/wp\/v2\/types\/page"}],"author":[{"embeddable":true,"href":"https:\/\/psbowling.se\/index.php?rest_route=\/wp\/v2\/users\/3"}],"replies":[{"embeddable":true,"href":"https:\/\/psbowling.se\/index.php?rest_route=%2Fwp%2Fv2%2Fcomments&post=588"}],"version-history":[{"count":49,"href":"https:\/\/psbowling.se\/index.php?rest_route=\/wp\/v2\/pages\/588\/revisions"}],"predecessor-version":[{"id":1838,"href":"https:\/\/psbowling.se\/index.php?rest_route=\/wp\/v2\/pages\/588\/revisions\/1838"}],"wp:attachment":[{"href":"https:\/\/psbowling.se\/index.php?rest_route=%2Fwp%2Fv2%2Fmedia&parent=588"}],"curies":[{"name":"wp","href":"https:\/\/api.w.org\/{rel}","templated":true}]}}