{"id":2252,"date":"2025-03-26T15:22:05","date_gmt":"2025-03-26T14:22:05","guid":{"rendered":"https:\/\/psbowling.se\/?page_id=2252"},"modified":"2026-04-27T08:51:21","modified_gmt":"2026-04-27T07:51:21","slug":"sigma-senior","status":"publish","type":"page","link":"https:\/\/psbowling.se\/?page_id=2252","title":{"rendered":"Sigma Senior"},"content":{"rendered":"\t\t<div data-elementor-type=\"wp-page\" data-elementor-id=\"2252\" class=\"elementor elementor-2252\" data-elementor-post-type=\"page\">\n\t\t\t\t\t\t\t\t\t<section class=\"elementor-section elementor-top-section elementor-element elementor-element-c420342 elementor-section-height-min-height elementor-section-boxed elementor-section-height-default elementor-section-items-middle\" data-id=\"c420342\" data-element_type=\"section\" data-settings=\"{&quot;background_background&quot;:&quot;classic&quot;}\">\n\t\t\t\t\t\t\t<div class=\"elementor-background-overlay\"><\/div>\n\t\t\t\t\t\t\t<div class=\"elementor-container elementor-column-gap-default\">\n\t\t\t\t\t<div class=\"elementor-column elementor-col-100 elementor-top-column elementor-element elementor-element-7cef790\" data-id=\"7cef790\" data-element_type=\"column\">\n\t\t\t<div class=\"elementor-widget-wrap elementor-element-populated\">\n\t\t\t\t\t\t\t\t<div class=\"elementor-element elementor-element-0f3bb36 elementor-blockquote--skin-quotation elementor-blockquote--align-center elementor-blockquote--button-color-official elementor-widget elementor-widget-blockquote\" data-id=\"0f3bb36\" data-element_type=\"widget\" data-widget_type=\"blockquote.default\">\n\t\t\t\t<div class=\"elementor-widget-container\">\n\t\t\t\t\t<blockquote class=\"elementor-blockquote\">\n\t\t\t<p class=\"elementor-blockquote__content\">\n\t\t\t\tPension\u00e4rst\u00e4vling f\u00f6r dig som \u00e4r \u00f6ver 60\t\t\t<\/p>\n\t\t\t\t\t<\/blockquote>\n\t\t\t\t<\/div>\n\t\t\t\t<\/div>\n\t\t\t\t\t<\/div>\n\t\t<\/div>\n\t\t\t\t\t\t\t<\/div>\n\t\t<\/section>\n\t\t\t\t<section class=\"elementor-section elementor-top-section elementor-element elementor-element-a562642 elementor-section-boxed elementor-section-height-default elementor-section-height-default\" data-id=\"a562642\" data-element_type=\"section\">\n\t\t\t\t\t\t<div class=\"elementor-container elementor-column-gap-default\">\n\t\t\t\t\t<div class=\"elementor-column elementor-col-100 elementor-top-column elementor-element elementor-element-6f4b7b5\" data-id=\"6f4b7b5\" data-element_type=\"column\">\n\t\t\t<div class=\"elementor-widget-wrap\">\n\t\t\t\t\t\t\t\t\t<\/div>\n\t\t<\/div>\n\t\t\t\t\t\t\t<\/div>\n\t\t<\/section>\n\t\t\t\t<section class=\"elementor-section elementor-top-section elementor-element elementor-element-58b6f5d elementor-section-boxed elementor-section-height-default elementor-section-height-default\" data-id=\"58b6f5d\" data-element_type=\"section\">\n\t\t\t\t\t\t<div class=\"elementor-container elementor-column-gap-no\">\n\t\t\t\t\t<div class=\"elementor-column elementor-col-100 elementor-top-column elementor-element elementor-element-3dae536\" data-id=\"3dae536\" data-element_type=\"column\">\n\t\t\t<div class=\"elementor-widget-wrap elementor-element-populated\">\n\t\t\t\t\t\t\t\t<div class=\"elementor-element elementor-element-5db4bf0 elementor-widget elementor-widget-image\" data-id=\"5db4bf0\" data-element_type=\"widget\" data-widget_type=\"image.default\">\n\t\t\t\t<div class=\"elementor-widget-container\">\n\t\t\t\t\t\t\t\t\t\t\t\t\t\t\t<img decoding=\"async\" width=\"800\" height=\"370\" src=\"https:\/\/psbowling.se\/wp-content\/uploads\/2026\/04\/Prispallen-2026-1024x473.jpg\" class=\"attachment-large size-large wp-image-2839\" alt=\"\" loading=\"lazy\" srcset=\"https:\/\/psbowling.se\/wp-content\/uploads\/2026\/04\/Prispallen-2026-1024x473.jpg 1024w, https:\/\/psbowling.se\/wp-content\/uploads\/2026\/04\/Prispallen-2026-300x139.jpg 300w, https:\/\/psbowling.se\/wp-content\/uploads\/2026\/04\/Prispallen-2026-768x355.jpg 768w, https:\/\/psbowling.se\/wp-content\/uploads\/2026\/04\/Prispallen-2026-1536x710.jpg 1536w, https:\/\/psbowling.se\/wp-content\/uploads\/2026\/04\/Prispallen-2026-1320x610.jpg 1320w, https:\/\/psbowling.se\/wp-content\/uploads\/2026\/04\/Prispallen-2026-600x277.jpg 600w, https:\/\/psbowling.se\/wp-content\/uploads\/2026\/04\/Prispallen-2026.jpg 2000w\" sizes=\"(max-width: 800px) 100vw, 800px\" \/>\t\t\t\t\t\t\t\t\t\t\t\t\t\t\t<\/div>\n\t\t\t\t<\/div>\n\t\t\t\t<div class=\"elementor-element elementor-element-43a14bc elementor-widget elementor-widget-text-editor\" data-id=\"43a14bc\" data-element_type=\"widget\" data-widget_type=\"text-editor.default\">\n\t\t\t\t<div class=\"elementor-widget-container\">\n\t\t\t\t\t\t\t<p><span style=\"font-size: 1rem;\">D\u00e5 var finalen f\u00e4rdigspelad f\u00f6r 2026-\u00e5rs Sigma Senior. Vi gratulerar Christer Krig till f\u00f6rstaplatsen och sj\u00e4lvklart alla spelare f\u00f6r sin medverkan och absoluta orsaken till att Sigma Senior kommer att forts\u00e4tta vara den trevliga pension\u00e4rst\u00e4vlingen som den \u00e4r. Vi ses 2027 f\u00f6r en ny upplaga.<\/span><\/p>\t\t\t\t\t\t<\/div>\n\t\t\t\t<\/div>\n\t\t\t\t\t<\/div>\n\t\t<\/div>\n\t\t\t\t\t\t\t<\/div>\n\t\t<\/section>\n\t\t\t\t\t\t\t<\/div>\n\t\t","protected":false},"excerpt":{"rendered":"<p>Pension\u00e4rst\u00e4vling f\u00f6r dig som \u00e4r \u00f6ver 60 D\u00e5 var finalen f\u00e4rdigspelad f\u00f6r 2026-\u00e5rs Sigma Senior. Vi gratulerar Christer Krig till f\u00f6rstaplatsen och sj\u00e4lvklart alla spelare f\u00f6r sin medverkan och absoluta orsaken till att Sigma Senior kommer att forts\u00e4tta vara den trevliga pension\u00e4rst\u00e4vlingen som den \u00e4r. Vi ses 2027 f\u00f6r en ny upplaga.<\/p>\n","protected":false},"author":3,"featured_media":0,"parent":0,"menu_order":0,"comment_status":"closed","ping_status":"closed","template":"elementor_header_footer","meta":[],"_links":{"self":[{"href":"https:\/\/psbowling.se\/index.php?rest_route=\/wp\/v2\/pages\/2252"}],"collection":[{"href":"https:\/\/psbowling.se\/index.php?rest_route=\/wp\/v2\/pages"}],"about":[{"href":"https:\/\/psbowling.se\/index.php?rest_route=\/wp\/v2\/types\/page"}],"author":[{"embeddable":true,"href":"https:\/\/psbowling.se\/index.php?rest_route=\/wp\/v2\/users\/3"}],"replies":[{"embeddable":true,"href":"https:\/\/psbowling.se\/index.php?rest_route=%2Fwp%2Fv2%2Fcomments&post=2252"}],"version-history":[{"count":97,"href":"https:\/\/psbowling.se\/index.php?rest_route=\/wp\/v2\/pages\/2252\/revisions"}],"predecessor-version":[{"id":2842,"href":"https:\/\/psbowling.se\/index.php?rest_route=\/wp\/v2\/pages\/2252\/revisions\/2842"}],"wp:attachment":[{"href":"https:\/\/psbowling.se\/index.php?rest_route=%2Fwp%2Fv2%2Fmedia&parent=2252"}],"curies":[{"name":"wp","href":"https:\/\/api.w.org\/{rel}","templated":true}]}}