{"id":116,"date":"2020-10-19T09:42:27","date_gmt":"2020-10-19T09:42:27","guid":{"rendered":"http:\/\/psbowling.s4.kimsoft.se\/?page_id=116"},"modified":"2024-09-21T07:24:23","modified_gmt":"2024-09-21T06:24:23","slug":"kontakt","status":"publish","type":"page","link":"https:\/\/psbowling.se\/?page_id=116","title":{"rendered":"Kontakt"},"content":{"rendered":"\t\t<div data-elementor-type=\"wp-page\" data-elementor-id=\"116\" class=\"elementor elementor-116\" data-elementor-post-type=\"page\">\n\t\t\t\t\t\t\t\t\t<section class=\"elementor-section elementor-top-section elementor-element elementor-element-4a27f3b elementor-section-height-min-height elementor-section-boxed elementor-section-height-default elementor-section-items-middle\" data-id=\"4a27f3b\" data-element_type=\"section\" data-settings=\"{&quot;background_background&quot;:&quot;classic&quot;}\">\n\t\t\t\t\t\t\t<div class=\"elementor-background-overlay\"><\/div>\n\t\t\t\t\t\t\t<div class=\"elementor-container elementor-column-gap-default\">\n\t\t\t\t\t<div class=\"elementor-column elementor-col-100 elementor-top-column elementor-element elementor-element-2268fb1\" data-id=\"2268fb1\" data-element_type=\"column\">\n\t\t\t<div class=\"elementor-widget-wrap elementor-element-populated\">\n\t\t\t\t\t\t\t\t<div class=\"elementor-element elementor-element-744da83 elementor-blockquote--skin-quotation elementor-blockquote--align-center elementor-blockquote--button-color-official elementor-widget elementor-widget-blockquote\" data-id=\"744da83\" data-element_type=\"widget\" data-widget_type=\"blockquote.default\">\n\t\t\t\t<div class=\"elementor-widget-container\">\n\t\t\t\t\t<blockquote class=\"elementor-blockquote\">\n\t\t\t<p class=\"elementor-blockquote__content\">\n\t\t\t\tKontakta oss\t\t\t<\/p>\n\t\t\t\t\t<\/blockquote>\n\t\t\t\t<\/div>\n\t\t\t\t<\/div>\n\t\t\t\t\t<\/div>\n\t\t<\/div>\n\t\t\t\t\t\t\t<\/div>\n\t\t<\/section>\n\t\t\t\t<section class=\"elementor-section elementor-top-section elementor-element elementor-element-77276ded elementor-section-boxed elementor-section-height-default elementor-section-height-default\" data-id=\"77276ded\" data-element_type=\"section\" data-settings=\"{&quot;background_background&quot;:&quot;classic&quot;,&quot;background_motion_fx_motion_fx_scrolling&quot;:&quot;yes&quot;,&quot;sticky&quot;:&quot;top&quot;,&quot;background_motion_fx_devices&quot;:[&quot;desktop&quot;,&quot;tablet&quot;,&quot;mobile&quot;],&quot;sticky_on&quot;:[&quot;desktop&quot;,&quot;tablet&quot;,&quot;mobile&quot;],&quot;sticky_offset&quot;:0,&quot;sticky_effects_offset&quot;:0}\">\n\t\t\t\t\t\t<div class=\"elementor-container elementor-column-gap-default\">\n\t\t\t\t\t<div class=\"elementor-column elementor-col-100 elementor-top-column elementor-element elementor-element-25f93736\" data-id=\"25f93736\" data-element_type=\"column\">\n\t\t\t<div class=\"elementor-widget-wrap elementor-element-populated\">\n\t\t\t\t\t\t\t\t<div class=\"elementor-element elementor-element-610b3eef elementor-widget__width-auto elementor-widget-mobile__width-auto elementor-widget elementor-widget-image\" data-id=\"610b3eef\" data-element_type=\"widget\" data-settings=\"{&quot;motion_fx_motion_fx_scrolling&quot;:&quot;yes&quot;,&quot;motion_fx_opacity_effect&quot;:&quot;yes&quot;,&quot;motion_fx_opacity_range&quot;:{&quot;unit&quot;:&quot;%&quot;,&quot;size&quot;:&quot;&quot;,&quot;sizes&quot;:{&quot;start&quot;:56,&quot;end&quot;:86}},&quot;motion_fx_opacity_direction&quot;:&quot;out-in&quot;,&quot;motion_fx_opacity_level&quot;:{&quot;unit&quot;:&quot;px&quot;,&quot;size&quot;:10,&quot;sizes&quot;:[]},&quot;motion_fx_devices&quot;:[&quot;desktop&quot;,&quot;tablet&quot;,&quot;mobile&quot;]}\" data-widget_type=\"image.default\">\n\t\t\t\t<div class=\"elementor-widget-container\">\n\t\t\t\t\t\t\t\t\t\t\t\t\t\t\t\t<a href=\"https:\/\/psbowling.se\">\n\t\t\t\t\t\t\t<img decoding=\"async\" width=\"300\" height=\"100\" src=\"https:\/\/psbowling.se\/wp-content\/uploads\/2020\/11\/logo.png\" class=\"attachment-full size-full wp-image-686\" alt=\"\" loading=\"lazy\" \/>\t\t\t\t\t\t\t\t<\/a>\n\t\t\t\t\t\t\t\t\t\t\t\t\t\t\t<\/div>\n\t\t\t\t<\/div>\n\t\t\t\t<div class=\"elementor-element elementor-element-7b242897 elementor-widget__width-initial elementor-widget-tablet__width-initial elementor-widget-mobile__width-initial elementor-widget elementor-widget-ekit-nav-menu\" data-id=\"7b242897\" data-element_type=\"widget\" data-settings=\"{&quot;motion_fx_motion_fx_scrolling&quot;:&quot;yes&quot;,&quot;motion_fx_opacity_effect&quot;:&quot;yes&quot;,&quot;motion_fx_opacity_range&quot;:{&quot;unit&quot;:&quot;%&quot;,&quot;size&quot;:&quot;&quot;,&quot;sizes&quot;:{&quot;start&quot;:56,&quot;end&quot;:86}},&quot;motion_fx_opacity_direction&quot;:&quot;out-in&quot;,&quot;motion_fx_opacity_level&quot;:{&quot;unit&quot;:&quot;px&quot;,&quot;size&quot;:10,&quot;sizes&quot;:[]},&quot;motion_fx_devices&quot;:[&quot;desktop&quot;,&quot;tablet&quot;,&quot;mobile&quot;]}\" data-widget_type=\"ekit-nav-menu.default\">\n\t\t\t\t<div class=\"elementor-widget-container\">\n\t\t\t\t\t<div class=\"ekit-wid-con ekit_menu_responsive_tablet\" \n\t\t\tdata-hamburger-icon=\"icon icon-menu-button-of-three-horizontal-lines\" \n\t\t\tdata-hamburger-icon-type=\"icon\" \n\t\t\tdata-responsive-breakpoint=\"1024\">\n\t\t\t            <button class=\"elementskit-menu-hamburger elementskit-menu-toggler\"  type=\"button\" aria-label=\"hamburger-icon\">\n                <i aria-hidden=\"true\" class=\"ekit-menu-icon icon icon-menu-button-of-three-horizontal-lines\"><\/i>            <\/button>\n            <div id=\"ekit-megamenu-primar\" class=\"elementskit-menu-container elementskit-menu-offcanvas-elements elementskit-navbar-nav-default ekit-nav-menu-one-page-no ekit-nav-dropdown-hover\"><ul id=\"menu-primar\" class=\"elementskit-navbar-nav elementskit-menu-po-right submenu-click-on-icon\"><li id=\"menu-item-22\" class=\"menu-item menu-item-type-post_type menu-item-object-page menu-item-home menu-item-22 nav-item elementskit-mobile-builder-content\" data-vertical-menu=750px><a href=\"https:\/\/psbowling.se\/\" class=\"ekit-menu-nav-link\">Hem<\/a><\/li>\n<li id=\"menu-item-2207\" class=\"menu-item menu-item-type-custom menu-item-object-custom menu-item-2207 nav-item elementskit-mobile-builder-content\" data-vertical-menu=750px><a href=\"https:\/\/secure.meriq.com\/brannkyrkabowlingcenter\/bowling-valj-dag\" class=\"ekit-menu-nav-link\">Boka Bana<\/a><\/li>\n<li id=\"menu-item-1524\" class=\"menu-item menu-item-type-post_type menu-item-object-page menu-item-has-children menu-item-1524 nav-item elementskit-dropdown-has relative_position elementskit-dropdown-menu-default_width elementskit-mobile-builder-content\" data-vertical-menu=750px><a href=\"https:\/\/psbowling.se\/?page_id=115\" class=\"ekit-menu-nav-link ekit-menu-dropdown-toggle\">Bowlinghallen<i aria-hidden=\"true\" class=\"icon icon-down-arrow1 elementskit-submenu-indicator\"><\/i><\/a>\n<ul class=\"elementskit-dropdown elementskit-submenu-panel\">\n\t<li id=\"menu-item-1883\" class=\"menu-item menu-item-type-post_type menu-item-object-page menu-item-1883 nav-item elementskit-mobile-builder-content\" data-vertical-menu=750px><a href=\"https:\/\/psbowling.se\/?page_id=1864\" class=\" dropdown-item\">Aktuellt<\/a>\t<li id=\"menu-item-525\" class=\"menu-item menu-item-type-post_type menu-item-object-page menu-item-525 nav-item elementskit-mobile-builder-content\" data-vertical-menu=750px><a href=\"https:\/\/psbowling.se\/?page_id=323\" class=\" dropdown-item\">Barnkalas och event<\/a>\t<li id=\"menu-item-1758\" class=\"menu-item menu-item-type-post_type menu-item-object-page menu-item-1758 nav-item elementskit-mobile-builder-content\" data-vertical-menu=750px><a href=\"https:\/\/psbowling.se\/?page_id=1739\" class=\" dropdown-item\">Garageligan<\/a>\t<li id=\"menu-item-524\" class=\"menu-item menu-item-type-post_type menu-item-object-page menu-item-524 nav-item elementskit-mobile-builder-content\" data-vertical-menu=750px><a href=\"https:\/\/psbowling.se\/?page_id=326\" class=\" dropdown-item\">Klubbar<\/a>\t<li id=\"menu-item-1674\" class=\"menu-item menu-item-type-post_type menu-item-object-page menu-item-1674 nav-item elementskit-mobile-builder-content\" data-vertical-menu=750px><a href=\"https:\/\/psbowling.se\/?page_id=1086\" class=\" dropdown-item\">Priser<\/a>\t<li id=\"menu-item-2610\" class=\"menu-item menu-item-type-post_type menu-item-object-page menu-item-2610 nav-item elementskit-mobile-builder-content\" data-vertical-menu=750px><a href=\"https:\/\/psbowling.se\/?page_id=2588\" class=\" dropdown-item\">One Ball Challenge<\/a>\t<li id=\"menu-item-2261\" class=\"menu-item menu-item-type-post_type menu-item-object-page menu-item-2261 nav-item elementskit-mobile-builder-content\" data-vertical-menu=750px><a href=\"https:\/\/psbowling.se\/?page_id=2252\" class=\" dropdown-item\">Sigma Senior<\/a>\t<li id=\"menu-item-1500\" class=\"menu-item menu-item-type-post_type menu-item-object-page menu-item-1500 nav-item elementskit-mobile-builder-content\" data-vertical-menu=750px><a href=\"https:\/\/psbowling.se\/?page_id=588\" class=\" dropdown-item\">Sportbowling<\/a>\t<li id=\"menu-item-1509\" class=\"menu-item menu-item-type-post_type menu-item-object-page menu-item-1509 nav-item elementskit-mobile-builder-content\" data-vertical-menu=750px><a href=\"https:\/\/psbowling.se\/?page_id=114\" class=\" dropdown-item\">Strikejakten<\/a>\t<li id=\"menu-item-1851\" class=\"menu-item menu-item-type-post_type menu-item-object-page menu-item-1851 nav-item elementskit-mobile-builder-content\" data-vertical-menu=750px><a href=\"https:\/\/psbowling.se\/?page_id=115\" class=\" dropdown-item\">Om Bowlinghallen<\/a><\/ul>\n<\/li>\n<li id=\"menu-item-122\" class=\"menu-item menu-item-type-post_type menu-item-object-page menu-item-122 nav-item elementskit-mobile-builder-content\" data-vertical-menu=750px><a href=\"https:\/\/psbowling.se\/?page_id=113\" class=\"ekit-menu-nav-link\">Pro Shop<\/a><\/li>\n<li id=\"menu-item-125\" class=\"menu-item menu-item-type-post_type menu-item-object-page menu-item-125 nav-item elementskit-mobile-builder-content\" data-vertical-menu=750px><a href=\"https:\/\/psbowling.se\/?page_id=116\" class=\"ekit-menu-nav-link\">Kontakt<\/a><\/li>\n<\/ul><div class=\"elementskit-nav-identity-panel\">\n\t\t\t\t<div class=\"elementskit-site-title\">\n\t\t\t\t\t<a class=\"elementskit-nav-logo\" href=\"https:\/\/psbowling.se\" target=\"_self\" rel=\"\">\n\t\t\t\t\t\t<img width=\"385\" height=\"68\" src=\"https:\/\/psbowling.se\/wp-content\/uploads\/2020\/10\/Resurs-1.png\" class=\"attachment-full size-full\" alt=\"\" decoding=\"async\" loading=\"lazy\" srcset=\"https:\/\/psbowling.se\/wp-content\/uploads\/2020\/10\/Resurs-1.png 385w, https:\/\/psbowling.se\/wp-content\/uploads\/2020\/10\/Resurs-1-300x53.png 300w\" sizes=\"(max-width: 385px) 100vw, 385px\" \/>\n\t\t\t\t\t<\/a> \n\t\t\t\t<\/div><button class=\"elementskit-menu-close elementskit-menu-toggler\" type=\"button\">X<\/button><\/div><\/div>\t\t\t\n\t\t\t<div class=\"elementskit-menu-overlay elementskit-menu-offcanvas-elements elementskit-menu-toggler ekit-nav-menu--overlay\"><\/div>\t\t<\/div>\n\t\t\t\t<\/div>\n\t\t\t\t<\/div>\n\t\t\t\t\t<\/div>\n\t\t<\/div>\n\t\t\t\t\t\t\t<\/div>\n\t\t<\/section>\n\t\t\t\t<section class=\"elementor-section elementor-top-section elementor-element elementor-element-34a1f16 elementor-section-boxed elementor-section-height-default elementor-section-height-default\" data-id=\"34a1f16\" data-element_type=\"section\" data-settings=\"{&quot;background_background&quot;:&quot;classic&quot;}\">\n\t\t\t\t\t\t<div class=\"elementor-container elementor-column-gap-no\">\n\t\t\t\t\t<div class=\"elementor-column elementor-col-100 elementor-top-column elementor-element elementor-element-823f8e0\" data-id=\"823f8e0\" data-element_type=\"column\">\n\t\t\t<div class=\"elementor-widget-wrap elementor-element-populated\">\n\t\t\t\t\t\t\t\t<div class=\"elementor-element elementor-element-c168592 elementor-widget elementor-widget-heading\" data-id=\"c168592\" data-element_type=\"widget\" data-widget_type=\"heading.default\">\n\t\t\t\t<div class=\"elementor-widget-container\">\n\t\t\t<h2 class=\"elementor-heading-title elementor-size-default\">Kontakt V\u00e4sby Bowling<\/h2>\t\t<\/div>\n\t\t\t\t<\/div>\n\t\t\t\t<section class=\"elementor-section elementor-inner-section elementor-element elementor-element-529d7c7 elementor-section-boxed elementor-section-height-default elementor-section-height-default\" data-id=\"529d7c7\" data-element_type=\"section\">\n\t\t\t\t\t\t<div class=\"elementor-container elementor-column-gap-default\">\n\t\t\t\t\t<div class=\"elementor-column elementor-col-50 elementor-inner-column elementor-element elementor-element-d74e66a\" data-id=\"d74e66a\" data-element_type=\"column\">\n\t\t\t<div class=\"elementor-widget-wrap elementor-element-populated\">\n\t\t\t\t\t\t\t\t<div class=\"elementor-element elementor-element-b9c9395 elementor-widget elementor-widget-text-editor\" data-id=\"b9c9395\" data-element_type=\"widget\" data-widget_type=\"text-editor.default\">\n\t\t\t\t<div class=\"elementor-widget-container\">\n\t\t\t\t\t\t\t<p>Telefon Bowlinghallen 08 &#8211; 590 310 10<br \/>Telefon ProShopen 08 &#8211; 299 300<br \/>E-post:\u00a0 info@psbowling.se<\/p><p>Postadress<br \/>Hammarbyv\u00e4gen 16<br \/>194 36\u00a0 UPPLANDS V\u00c4SBY<\/p><p>Bes\u00f6ksadress<br \/>Hammarbyv\u00e4gen 16<br \/>UPPLANDS V\u00c4SBY<\/p>\t\t\t\t\t\t<\/div>\n\t\t\t\t<\/div>\n\t\t\t\t\t<\/div>\n\t\t<\/div>\n\t\t\t\t<div class=\"elementor-column elementor-col-50 elementor-inner-column elementor-element elementor-element-6cc1d7d\" data-id=\"6cc1d7d\" data-element_type=\"column\">\n\t\t\t<div class=\"elementor-widget-wrap elementor-element-populated\">\n\t\t\t\t\t\t\t\t<div class=\"elementor-element elementor-element-9b12175 elementor-widget elementor-widget-image\" data-id=\"9b12175\" data-element_type=\"widget\" data-widget_type=\"image.default\">\n\t\t\t\t<div class=\"elementor-widget-container\">\n\t\t\t\t\t\t\t\t\t\t\t\t\t\t\t<img decoding=\"async\" width=\"800\" height=\"534\" src=\"https:\/\/psbowling.se\/wp-content\/uploads\/2020\/11\/trent-erwin-UgA3Xvi3SkA-unsplash-1024x684.jpg\" class=\"attachment-large size-large wp-image-772\" alt=\"\" loading=\"lazy\" srcset=\"https:\/\/psbowling.se\/wp-content\/uploads\/2020\/11\/trent-erwin-UgA3Xvi3SkA-unsplash-1024x684.jpg 1024w, https:\/\/psbowling.se\/wp-content\/uploads\/2020\/11\/trent-erwin-UgA3Xvi3SkA-unsplash-300x200.jpg 300w, https:\/\/psbowling.se\/wp-content\/uploads\/2020\/11\/trent-erwin-UgA3Xvi3SkA-unsplash-768x513.jpg 768w, https:\/\/psbowling.se\/wp-content\/uploads\/2020\/11\/trent-erwin-UgA3Xvi3SkA-unsplash-1536x1026.jpg 1536w, https:\/\/psbowling.se\/wp-content\/uploads\/2020\/11\/trent-erwin-UgA3Xvi3SkA-unsplash-2048x1368.jpg 2048w\" sizes=\"(max-width: 800px) 100vw, 800px\" \/>\t\t\t\t\t\t\t\t\t\t\t\t\t\t\t<\/div>\n\t\t\t\t<\/div>\n\t\t\t\t\t<\/div>\n\t\t<\/div>\n\t\t\t\t\t\t\t<\/div>\n\t\t<\/section>\n\t\t\t\t<section class=\"elementor-section elementor-inner-section elementor-element elementor-element-9d88e99 elementor-section-boxed elementor-section-height-default elementor-section-height-default\" data-id=\"9d88e99\" data-element_type=\"section\" data-settings=\"{&quot;background_background&quot;:&quot;classic&quot;}\">\n\t\t\t\t\t\t<div class=\"elementor-container elementor-column-gap-default\">\n\t\t\t\t\t<div class=\"elementor-column elementor-col-50 elementor-inner-column elementor-element elementor-element-33bfc3a\" data-id=\"33bfc3a\" data-element_type=\"column\">\n\t\t\t<div class=\"elementor-widget-wrap elementor-element-populated\">\n\t\t\t\t\t\t\t\t<div class=\"elementor-element elementor-element-794cf2c elementor-button-align-stretch elementor-widget elementor-widget-form\" data-id=\"794cf2c\" data-element_type=\"widget\" data-settings=\"{&quot;step_next_label&quot;:&quot;N\\u00e4sta&quot;,&quot;step_previous_label&quot;:&quot;F\\u00f6reg\\u00e5ende&quot;,&quot;button_width&quot;:&quot;100&quot;,&quot;step_type&quot;:&quot;number_text&quot;,&quot;step_icon_shape&quot;:&quot;circle&quot;}\" data-widget_type=\"form.default\">\n\t\t\t\t<div class=\"elementor-widget-container\">\n\t\t\t\t\t<form class=\"elementor-form\" method=\"post\" name=\"Br\u00e4nnkyrka\">\n\t\t\t<input type=\"hidden\" name=\"post_id\" value=\"116\"\/>\n\t\t\t<input type=\"hidden\" name=\"form_id\" value=\"794cf2c\"\/>\n\t\t\t<input type=\"hidden\" name=\"referer_title\" value=\"\" \/>\n\n\t\t\t\n\t\t\t<div class=\"elementor-form-fields-wrapper elementor-labels-\">\n\t\t\t\t\t\t\t\t<div class=\"elementor-field-type-text elementor-field-group elementor-column elementor-field-group-name elementor-col-100\">\n\t\t\t\t\t\t\t\t\t\t\t\t<label for=\"form-field-name\" class=\"elementor-field-label elementor-screen-only\">\n\t\t\t\t\t\t\t\tNamn\t\t\t\t\t\t\t<\/label>\n\t\t\t\t\t\t\t\t\t\t\t\t\t\t<input size=\"1\" type=\"text\" name=\"form_fields[name]\" id=\"form-field-name\" class=\"elementor-field elementor-size-sm  elementor-field-textual\" placeholder=\"Namn\">\n\t\t\t\t\t\t\t\t\t\t\t<\/div>\n\t\t\t\t\t\t\t\t<div class=\"elementor-field-type-email elementor-field-group elementor-column elementor-field-group-email elementor-col-100 elementor-field-required\">\n\t\t\t\t\t\t\t\t\t\t\t\t<label for=\"form-field-email\" class=\"elementor-field-label elementor-screen-only\">\n\t\t\t\t\t\t\t\tEpost\t\t\t\t\t\t\t<\/label>\n\t\t\t\t\t\t\t\t\t\t\t\t\t\t<input size=\"1\" type=\"email\" name=\"form_fields[email]\" id=\"form-field-email\" class=\"elementor-field elementor-size-sm  elementor-field-textual\" placeholder=\"Epost\" required=\"required\" aria-required=\"true\">\n\t\t\t\t\t\t\t\t\t\t\t<\/div>\n\t\t\t\t\t\t\t\t<div class=\"elementor-field-type-textarea elementor-field-group elementor-column elementor-field-group-message elementor-col-100\">\n\t\t\t\t\t\t\t\t\t\t\t\t<label for=\"form-field-message\" class=\"elementor-field-label elementor-screen-only\">\n\t\t\t\t\t\t\t\tMeddelande\t\t\t\t\t\t\t<\/label>\n\t\t\t\t\t\t<textarea class=\"elementor-field-textual elementor-field  elementor-size-sm\" name=\"form_fields[message]\" id=\"form-field-message\" rows=\"4\" placeholder=\"Meddelande\"><\/textarea>\t\t\t\t<\/div>\n\t\t\t\t\t\t\t\t<div class=\"elementor-field-group elementor-column elementor-field-type-submit elementor-col-100 e-form__buttons\">\n\t\t\t\t\t<button type=\"submit\" class=\"elementor-button elementor-size-sm\">\n\t\t\t\t\t\t<span >\n\t\t\t\t\t\t\t\t\t\t\t\t\t\t\t<span class=\" elementor-button-icon\">\n\t\t\t\t\t\t\t\t\t\t\t\t\t\t\t\t\t\t\t\t\t\t\t\t\t\t<\/span>\n\t\t\t\t\t\t\t\t\t\t\t\t\t\t\t\t\t\t\t\t\t\t<span class=\"elementor-button-text\">Skicka<\/span>\n\t\t\t\t\t\t\t\t\t\t\t\t\t<\/span>\n\t\t\t\t\t<\/button>\n\t\t\t\t<\/div>\n\t\t\t<\/div>\n\t\t<\/form>\n\t\t\t\t<\/div>\n\t\t\t\t<\/div>\n\t\t\t\t\t<\/div>\n\t\t<\/div>\n\t\t\t\t<div class=\"elementor-column elementor-col-50 elementor-inner-column elementor-element elementor-element-525935f\" data-id=\"525935f\" data-element_type=\"column\">\n\t\t\t<div class=\"elementor-widget-wrap elementor-element-populated\">\n\t\t\t\t\t\t\t\t<div class=\"elementor-element elementor-element-2244284 elementor-widget elementor-widget-google_maps\" data-id=\"2244284\" data-element_type=\"widget\" data-widget_type=\"google_maps.default\">\n\t\t\t\t<div class=\"elementor-widget-container\">\n\t\t\t\t\t<div class=\"elementor-custom-embed\">\n\t\t\t<iframe loading=\"lazy\"\n\t\t\t\t\tsrc=\"https:\/\/maps.google.com\/maps?q=Perfect%20Strike%20V%C3%A4sby%20Bowling%20AB&#038;t=m&#038;z=13&#038;output=embed&#038;iwloc=near\"\n\t\t\t\t\ttitle=\"Perfect Strike V\u00e4sby Bowling AB\"\n\t\t\t\t\taria-label=\"Perfect Strike V\u00e4sby Bowling AB\"\n\t\t\t><\/iframe>\n\t\t<\/div>\n\t\t\t\t<\/div>\n\t\t\t\t<\/div>\n\t\t\t\t\t<\/div>\n\t\t<\/div>\n\t\t\t\t\t\t\t<\/div>\n\t\t<\/section>\n\t\t\t\t\t<\/div>\n\t\t<\/div>\n\t\t\t\t\t\t\t<\/div>\n\t\t<\/section>\n\t\t\t\t\t\t\t<\/div>\n\t\t","protected":false},"excerpt":{"rendered":"<p>Kontakta oss Hem Bowlinghallen Aktuellt Barnkalas och event Garageligan Klubbar Priser Sportbowling Strikejakten Om Bowlinghallen Pro Shop Kontakt X Kontakt V\u00e4sby Bowling Telefon Bowlinghallen 08 &#8211; 590 310 10Telefon ProShopen 08 &#8211; 299 300E-post:\u00a0 info@psbowling.se PostadressHammarbyv\u00e4gen 16194 36\u00a0 UPPLANDS V\u00c4SBY Bes\u00f6ksadressHammarbyv\u00e4gen 16UPPLANDS V\u00c4SBY<\/p>\n","protected":false},"author":1,"featured_media":0,"parent":0,"menu_order":0,"comment_status":"closed","ping_status":"closed","template":"elementor_header_footer","meta":[],"_links":{"self":[{"href":"https:\/\/psbowling.se\/index.php?rest_route=\/wp\/v2\/pages\/116"}],"collection":[{"href":"https:\/\/psbowling.se\/index.php?rest_route=\/wp\/v2\/pages"}],"about":[{"href":"https:\/\/psbowling.se\/index.php?rest_route=\/wp\/v2\/types\/page"}],"author":[{"embeddable":true,"href":"https:\/\/psbowling.se\/index.php?rest_route=\/wp\/v2\/users\/1"}],"replies":[{"embeddable":true,"href":"https:\/\/psbowling.se\/index.php?rest_route=%2Fwp%2Fv2%2Fcomments&post=116"}],"version-history":[{"count":43,"href":"https:\/\/psbowling.se\/index.php?rest_route=\/wp\/v2\/pages\/116\/revisions"}],"predecessor-version":[{"id":1889,"href":"https:\/\/psbowling.se\/index.php?rest_route=\/wp\/v2\/pages\/116\/revisions\/1889"}],"wp:attachment":[{"href":"https:\/\/psbowling.se\/index.php?rest_route=%2Fwp%2Fv2%2Fmedia&parent=116"}],"curies":[{"name":"wp","href":"https:\/\/api.w.org\/{rel}","templated":true}]}}