{"id":114,"date":"2020-10-19T09:42:27","date_gmt":"2020-10-19T08:42:27","guid":{"rendered":"http:\/\/psbowling.s4.kimsoft.se\/?page_id=114"},"modified":"2026-01-01T17:37:52","modified_gmt":"2026-01-01T16:37:52","slug":"strikejakten","status":"publish","type":"page","link":"https:\/\/psbowling.se\/?page_id=114","title":{"rendered":"Strikejakten"},"content":{"rendered":"\t\t<div data-elementor-type=\"wp-page\" data-elementor-id=\"114\" class=\"elementor elementor-114\" data-elementor-post-type=\"page\">\n\t\t\t\t\t\t\t\t\t<section class=\"elementor-section elementor-top-section elementor-element elementor-element-7901350 elementor-section-height-min-height elementor-section-boxed elementor-section-height-default elementor-section-items-middle\" data-id=\"7901350\" data-element_type=\"section\" data-settings=\"{&quot;background_background&quot;:&quot;classic&quot;}\">\n\t\t\t\t\t\t\t<div class=\"elementor-background-overlay\"><\/div>\n\t\t\t\t\t\t\t<div class=\"elementor-container elementor-column-gap-default\">\n\t\t\t\t\t<div class=\"elementor-column elementor-col-100 elementor-top-column elementor-element elementor-element-c897953\" data-id=\"c897953\" data-element_type=\"column\">\n\t\t\t<div class=\"elementor-widget-wrap elementor-element-populated\">\n\t\t\t\t\t\t\t\t<div class=\"elementor-element elementor-element-003af45 elementor-blockquote--skin-quotation elementor-blockquote--align-center elementor-blockquote--button-color-official elementor-widget elementor-widget-blockquote\" data-id=\"003af45\" data-element_type=\"widget\" data-widget_type=\"blockquote.default\">\n\t\t\t\t<div class=\"elementor-widget-container\">\n\t\t\t\t\t<blockquote class=\"elementor-blockquote\">\n\t\t\t<p class=\"elementor-blockquote__content\">\n\t\t\t\tEn bowlingskola som riktar sig till barn i \u00e5ldern 7-12 \u00e5r.\t\t\t<\/p>\n\t\t\t\t\t<\/blockquote>\n\t\t\t\t<\/div>\n\t\t\t\t<\/div>\n\t\t\t\t\t<\/div>\n\t\t<\/div>\n\t\t\t\t\t\t\t<\/div>\n\t\t<\/section>\n\t\t\t\t<section class=\"elementor-section elementor-top-section elementor-element elementor-element-3ac7274 elementor-section-boxed elementor-section-height-default elementor-section-height-default\" data-id=\"3ac7274\" data-element_type=\"section\">\n\t\t\t\t\t\t<div class=\"elementor-container elementor-column-gap-no\">\n\t\t\t\t\t<div class=\"elementor-column elementor-col-50 elementor-top-column elementor-element elementor-element-5d8abbc\" data-id=\"5d8abbc\" data-element_type=\"column\">\n\t\t\t<div class=\"elementor-widget-wrap elementor-element-populated\">\n\t\t\t\t\t\t\t\t<div class=\"elementor-element elementor-element-5df2287 elementor-widget elementor-widget-text-editor\" data-id=\"5df2287\" data-element_type=\"widget\" data-widget_type=\"text-editor.default\">\n\t\t\t\t<div class=\"elementor-widget-container\">\n\t\t\t\t\t\t\t<h2 class=\"text-dark text-extra-strong text-s-size-20 text-m-size-20 text-size-40 text-uppercase margin-bottom-0 s-12\">Strikejakten<\/h2><p>Strikejakten \u00e4r ett bowlingkoncept f\u00f6r den som \u00e4r nyfiken p\u00e5 bowling och vill uppleva det p\u00e5 ett nytt och sp\u00e4nnande s\u00e4tt.<br \/>Strikejakten riktar sig till barn mellan 7-12 \u00e5r och alla l\u00e5g- och mellanstadiebarn \u00e4r v\u00e4lkomna att vara med.<\/p><p>Strikejakten har tagits fram f\u00f6r att barn ska f\u00e5 en meningsfull fritid och samtidigt ha roligt och tr\u00e4ffa nya kompisar.<br \/>Vi l\u00e4r ut bowling p\u00e5 ett lekfullt s\u00e4tt och konceptet \u00e4r anpassat efter barnens \u00e5lder och motoriska utveckling.<\/p><p>Dag: Tisdagar<br \/>Samling: 16:45<br \/>Tr\u00e4ningstid: 17:00 &#8211; 17:50<br \/>Kostnad: 60 kr\/tillf\u00e4lle<\/p><p><a href=\"https:\/\/strikejakten.se\/orter\/stockholm-upplands-vaesby\/\" target=\"_blank\" rel=\"noopener\">Anm\u00e4lan till strikejakten<\/a><\/p><p><a href=\"https:\/\/psbowling.se\/wp-content\/uploads\/2026\/01\/Traningsschema-Strikejakten-VT-2026.pdf\" target=\"_blank\" rel=\"noopener\">Tr\u00e4ningstillf\u00e4llen och uppl\u00e4gg f\u00f6r Strikejakten VT2026<\/a>.<\/p>\t\t\t\t\t\t<\/div>\n\t\t\t\t<\/div>\n\t\t\t\t\t<\/div>\n\t\t<\/div>\n\t\t\t\t<div class=\"elementor-column elementor-col-50 elementor-top-column elementor-element elementor-element-5d031ab\" data-id=\"5d031ab\" data-element_type=\"column\">\n\t\t\t<div class=\"elementor-widget-wrap elementor-element-populated\">\n\t\t\t\t\t\t\t\t<div class=\"elementor-element elementor-element-0e80673 elementor-widget elementor-widget-image\" data-id=\"0e80673\" data-element_type=\"widget\" data-widget_type=\"image.default\">\n\t\t\t\t<div class=\"elementor-widget-container\">\n\t\t\t\t\t\t\t\t\t\t\t\t\t\t\t<img decoding=\"async\" width=\"800\" height=\"442\" src=\"https:\/\/psbowling.se\/wp-content\/uploads\/2024\/07\/img-strikejakten.jpg\" class=\"attachment-large size-large wp-image-1318\" alt=\"\" loading=\"lazy\" srcset=\"https:\/\/psbowling.se\/wp-content\/uploads\/2024\/07\/img-strikejakten.jpg 1000w, https:\/\/psbowling.se\/wp-content\/uploads\/2024\/07\/img-strikejakten-300x166.jpg 300w, https:\/\/psbowling.se\/wp-content\/uploads\/2024\/07\/img-strikejakten-768x424.jpg 768w, https:\/\/psbowling.se\/wp-content\/uploads\/2024\/07\/img-strikejakten-600x331.jpg 600w\" sizes=\"(max-width: 800px) 100vw, 800px\" \/>\t\t\t\t\t\t\t\t\t\t\t\t\t\t\t<\/div>\n\t\t\t\t<\/div>\n\t\t\t\t\t<\/div>\n\t\t<\/div>\n\t\t\t\t\t\t\t<\/div>\n\t\t<\/section>\n\t\t\t\t<section class=\"elementor-section elementor-top-section elementor-element elementor-element-5036429 elementor-section-full_width elementor-section-stretched elementor-section-height-default elementor-section-height-default\" data-id=\"5036429\" data-element_type=\"section\" data-settings=\"{&quot;stretch_section&quot;:&quot;section-stretched&quot;}\">\n\t\t\t\t\t\t<div class=\"elementor-container elementor-column-gap-no\">\n\t\t\t\t\t<div class=\"elementor-column elementor-col-100 elementor-top-column elementor-element elementor-element-e1c7a79\" data-id=\"e1c7a79\" data-element_type=\"column\">\n\t\t\t<div class=\"elementor-widget-wrap elementor-element-populated\">\n\t\t\t\t\t\t\t\t<div class=\"elementor-element elementor-element-5da581d elementor-widget elementor-widget-google_maps\" data-id=\"5da581d\" data-element_type=\"widget\" data-widget_type=\"google_maps.default\">\n\t\t\t\t<div class=\"elementor-widget-container\">\n\t\t\t\t\t<div class=\"elementor-custom-embed\">\n\t\t\t<iframe loading=\"lazy\"\n\t\t\t\t\tsrc=\"https:\/\/maps.google.com\/maps?q=Perfect%20Strike%20V%C3%A4sby%20bowling&#038;t=m&#038;z=13&#038;output=embed&#038;iwloc=near\"\n\t\t\t\t\ttitle=\"Perfect Strike V\u00e4sby bowling\"\n\t\t\t\t\taria-label=\"Perfect Strike V\u00e4sby bowling\"\n\t\t\t><\/iframe>\n\t\t<\/div>\n\t\t\t\t<\/div>\n\t\t\t\t<\/div>\n\t\t\t\t\t<\/div>\n\t\t<\/div>\n\t\t\t\t\t\t\t<\/div>\n\t\t<\/section>\n\t\t\t\t\t\t\t<\/div>\n\t\t","protected":false},"excerpt":{"rendered":"<p>En bowlingskola som riktar sig till barn i \u00e5ldern 7-12 \u00e5r. Strikejakten Strikejakten \u00e4r ett bowlingkoncept f\u00f6r den som \u00e4r nyfiken p\u00e5 bowling och vill uppleva det p\u00e5 ett nytt och sp\u00e4nnande s\u00e4tt.Strikejakten riktar sig till barn mellan 7-12 \u00e5r och alla l\u00e5g- och mellanstadiebarn \u00e4r v\u00e4lkomna att vara med. Strikejakten har tagits fram f\u00f6r [&hellip;]<\/p>\n","protected":false},"author":3,"featured_media":0,"parent":0,"menu_order":0,"comment_status":"closed","ping_status":"closed","template":"elementor_header_footer","meta":[],"_links":{"self":[{"href":"https:\/\/psbowling.se\/index.php?rest_route=\/wp\/v2\/pages\/114"}],"collection":[{"href":"https:\/\/psbowling.se\/index.php?rest_route=\/wp\/v2\/pages"}],"about":[{"href":"https:\/\/psbowling.se\/index.php?rest_route=\/wp\/v2\/types\/page"}],"author":[{"embeddable":true,"href":"https:\/\/psbowling.se\/index.php?rest_route=\/wp\/v2\/users\/3"}],"replies":[{"embeddable":true,"href":"https:\/\/psbowling.se\/index.php?rest_route=%2Fwp%2Fv2%2Fcomments&post=114"}],"version-history":[{"count":163,"href":"https:\/\/psbowling.se\/index.php?rest_route=\/wp\/v2\/pages\/114\/revisions"}],"predecessor-version":[{"id":2576,"href":"https:\/\/psbowling.se\/index.php?rest_route=\/wp\/v2\/pages\/114\/revisions\/2576"}],"wp:attachment":[{"href":"https:\/\/psbowling.se\/index.php?rest_route=%2Fwp%2Fv2%2Fmedia&parent=114"}],"curies":[{"name":"wp","href":"https:\/\/api.w.org\/{rel}","templated":true}]}}