{"id":113,"date":"2020-10-19T09:42:27","date_gmt":"2020-10-19T08:42:27","guid":{"rendered":"http:\/\/psbowling.s4.kimsoft.se\/?page_id=113"},"modified":"2025-01-20T07:55:58","modified_gmt":"2025-01-20T06:55:58","slug":"pro-shop","status":"publish","type":"page","link":"https:\/\/psbowling.se\/?page_id=113","title":{"rendered":"Pro Shop"},"content":{"rendered":"\t\t<div data-elementor-type=\"wp-page\" data-elementor-id=\"113\" class=\"elementor elementor-113\" data-elementor-post-type=\"page\">\n\t\t\t\t\t\t\t\t\t<section class=\"elementor-section elementor-top-section elementor-element elementor-element-a299fd3 elementor-section-height-min-height elementor-section-boxed elementor-section-height-default elementor-section-items-middle\" data-id=\"a299fd3\" data-element_type=\"section\" data-settings=\"{&quot;background_background&quot;:&quot;classic&quot;}\">\n\t\t\t\t\t\t\t<div class=\"elementor-background-overlay\"><\/div>\n\t\t\t\t\t\t\t<div class=\"elementor-container elementor-column-gap-default\">\n\t\t\t\t\t<div class=\"elementor-column elementor-col-100 elementor-top-column elementor-element elementor-element-92af4e7\" data-id=\"92af4e7\" data-element_type=\"column\">\n\t\t\t<div class=\"elementor-widget-wrap elementor-element-populated\">\n\t\t\t\t\t\t\t\t<div class=\"elementor-element elementor-element-468ef95 elementor-blockquote--skin-quotation elementor-blockquote--align-center elementor-blockquote--button-color-official elementor-widget elementor-widget-blockquote\" data-id=\"468ef95\" data-element_type=\"widget\" data-widget_type=\"blockquote.default\">\n\t\t\t\t<div class=\"elementor-widget-container\">\n\t\t\t\t\t<blockquote class=\"elementor-blockquote\">\n\t\t\t<p class=\"elementor-blockquote__content\">\n\t\t\t\tVi ser till att din bowlingutrustning \u00e4r i toppskick.\nHos oss hittar ni de senaste nyheterna fr\u00e5n dom st\u00f6rsta tillverkarna.\nGivetvis ser vi \u00f6ver ditt befintliga material och renoverar och kompletterar\nefter just ert behov och \u00f6nskem\u00e5l.\n\t\t\t<\/p>\n\t\t\t\t\t<\/blockquote>\n\t\t\t\t<\/div>\n\t\t\t\t<\/div>\n\t\t\t\t\t<\/div>\n\t\t<\/div>\n\t\t\t\t\t\t\t<\/div>\n\t\t<\/section>\n\t\t\t\t<section class=\"elementor-section elementor-top-section elementor-element elementor-element-9f90150 elementor-section-boxed elementor-section-height-default elementor-section-height-default\" data-id=\"9f90150\" data-element_type=\"section\" data-settings=\"{&quot;background_background&quot;:&quot;classic&quot;}\">\n\t\t\t\t\t\t<div class=\"elementor-container elementor-column-gap-no\">\n\t\t\t\t\t<div class=\"elementor-column elementor-col-100 elementor-top-column elementor-element elementor-element-7d31374\" data-id=\"7d31374\" data-element_type=\"column\">\n\t\t\t<div class=\"elementor-widget-wrap elementor-element-populated\">\n\t\t\t\t\t\t\t\t<div class=\"elementor-element elementor-element-8bfdd89 elementor-widget elementor-widget-spacer\" data-id=\"8bfdd89\" data-element_type=\"widget\" data-widget_type=\"spacer.default\">\n\t\t\t\t<div class=\"elementor-widget-container\">\n\t\t\t\t\t<div class=\"elementor-spacer\">\n\t\t\t<div class=\"elementor-spacer-inner\"><\/div>\n\t\t<\/div>\n\t\t\t\t<\/div>\n\t\t\t\t<\/div>\n\t\t\t\t<section class=\"elementor-section elementor-inner-section elementor-element elementor-element-622d770 elementor-section-boxed elementor-section-height-default elementor-section-height-default\" data-id=\"622d770\" data-element_type=\"section\">\n\t\t\t\t\t\t<div class=\"elementor-container elementor-column-gap-default\">\n\t\t\t\t\t<div class=\"elementor-column elementor-col-33 elementor-inner-column elementor-element elementor-element-58c0b68\" data-id=\"58c0b68\" data-element_type=\"column\" data-settings=\"{&quot;background_background&quot;:&quot;classic&quot;}\">\n\t\t\t<div class=\"elementor-widget-wrap elementor-element-populated\">\n\t\t\t\t\t\t\t\t<div class=\"elementor-element elementor-element-457f2cf elementor-widget elementor-widget-heading\" data-id=\"457f2cf\" data-element_type=\"widget\" data-widget_type=\"heading.default\">\n\t\t\t\t<div class=\"elementor-widget-container\">\n\t\t\t<h2 class=\"elementor-heading-title elementor-size-default\">V\u00e4lkommen<\/h2>\t\t<\/div>\n\t\t\t\t<\/div>\n\t\t\t\t<div class=\"elementor-element elementor-element-e85dd7e elementor-widget elementor-widget-text-editor\" data-id=\"e85dd7e\" data-element_type=\"widget\" data-widget_type=\"text-editor.default\">\n\t\t\t\t<div class=\"elementor-widget-container\">\n\t\t\t\t\t\t\t<p>V\u00e4lkommen till\u00a0<b>PS Bowling Proshop<\/b><\/p><p>Vi ser till att din bowlingutrustning \u00e4r i toppskick.<\/p><p>Hos oss hittar ni de senaste nyheterna fr\u00e5n dom st\u00f6rsta tillverkarna.<\/p><p>Givetvis ser vi \u00f6ver ditt befintliga material och renoverar och kompletterar<br \/>efter just ert behov och \u00f6nskem\u00e5l.<\/p><p>Kontakta oss via telefon eller e-post och boka en tid f\u00f6r konsultation och borrtid.<\/p><p>Telefon:\u00a0<b>08-299 300<br \/><\/b>(endast Proshop, bowlinghallen n\u00e5s p\u00e5 08-590 310 10)<br \/>E-post:<b>\u00a0info@psbowling.se<br \/><\/b>Bankgiro:\u00a0<b>5923-2348<br \/><\/b>Swish: <strong>123 018 66 84<\/strong><\/p>\t\t\t\t\t\t<\/div>\n\t\t\t\t<\/div>\n\t\t\t\t<div class=\"elementor-element elementor-element-0ead56e elementor-widget elementor-widget-image\" data-id=\"0ead56e\" data-element_type=\"widget\" data-widget_type=\"image.default\">\n\t\t\t\t<div class=\"elementor-widget-container\">\n\t\t\t\t\t\t\t\t\t\t\t\t\t\t\t<img decoding=\"async\" width=\"185\" height=\"217\" src=\"https:\/\/psbowling.se\/wp-content\/uploads\/2024\/09\/Swish-QR-Bowlingutrustning.png\" class=\"attachment-large size-large wp-image-1898\" alt=\"\" loading=\"lazy\" \/>\t\t\t\t\t\t\t\t\t\t\t\t\t\t\t<\/div>\n\t\t\t\t<\/div>\n\t\t\t\t\t<\/div>\n\t\t<\/div>\n\t\t\t\t<div class=\"elementor-column elementor-col-33 elementor-inner-column elementor-element elementor-element-5a1c8be\" data-id=\"5a1c8be\" data-element_type=\"column\" data-settings=\"{&quot;background_background&quot;:&quot;classic&quot;}\">\n\t\t\t<div class=\"elementor-widget-wrap elementor-element-populated\">\n\t\t\t\t\t\t\t\t<div class=\"elementor-element elementor-element-60debda elementor-widget elementor-widget-heading\" data-id=\"60debda\" data-element_type=\"widget\" data-widget_type=\"heading.default\">\n\t\t\t\t<div class=\"elementor-widget-container\">\n\t\t\t<h2 class=\"elementor-heading-title elementor-size-default\">Priser borrning<\/h2>\t\t<\/div>\n\t\t\t\t<\/div>\n\t\t\t\t<div class=\"elementor-element elementor-element-475effe elementor-widget elementor-widget-text-editor\" data-id=\"475effe\" data-element_type=\"widget\" data-widget_type=\"text-editor.default\">\n\t\t\t\t<div class=\"elementor-widget-container\">\n\t\t\t\t\t\t\t<div class=\"page\" title=\"Page 1\"><div class=\"section\"><div class=\"layoutArea\"><div class=\"column\"><p><strong>I SAMBAND MED KLOTKO\u0308P<\/strong><\/p><ul><li>Tva\u030a ha\u030al inkl fingerinsatser <strong>380 kr<\/strong><\/li><li>Tre ha\u030al inkl fingerinsatser<br \/>+ solid tumme (ej utbytbar) <strong>680 kr<\/strong><\/li><li>Tre ha\u030al inkl fingerinsatser<br \/>+ tumhylsa Grip Lock, ytter <strong>680 kr<\/strong><\/li><li>Tre ha\u030al inkl fingerinsatser<br \/>+ tumhylsa Switch, ytter <strong>880 kr<\/strong><\/li><li>Tre ha\u030al inkl fingerinsatser tumhylsa IT, ytter: <strong>980 kr<\/strong><\/li><\/ul><p>\u00a0<\/p><\/div><\/div><\/div><\/div>\t\t\t\t\t\t<\/div>\n\t\t\t\t<\/div>\n\t\t\t\t\t<\/div>\n\t\t<\/div>\n\t\t\t\t<div class=\"elementor-column elementor-col-33 elementor-inner-column elementor-element elementor-element-5c709cd\" data-id=\"5c709cd\" data-element_type=\"column\" data-settings=\"{&quot;background_background&quot;:&quot;classic&quot;}\">\n\t\t\t<div class=\"elementor-widget-wrap elementor-element-populated\">\n\t\t\t\t\t\t\t\t<div class=\"elementor-element elementor-element-aacaebe elementor-widget elementor-widget-heading\" data-id=\"aacaebe\" data-element_type=\"widget\" data-widget_type=\"heading.default\">\n\t\t\t\t<div class=\"elementor-widget-container\">\n\t\t\t<h2 class=\"elementor-heading-title elementor-size-default\">Priser borrning<\/h2>\t\t<\/div>\n\t\t\t\t<\/div>\n\t\t\t\t<div class=\"elementor-element elementor-element-34f3ebe elementor-widget elementor-widget-text-editor\" data-id=\"34f3ebe\" data-element_type=\"widget\" data-widget_type=\"text-editor.default\">\n\t\t\t\t<div class=\"elementor-widget-container\">\n\t\t\t\t\t\t\t<p><span style=\"font-weight: bolder;\">EGET KLOT, OBORRAT<\/span><\/p><ul style=\"font-size: 16px; background-color: #ffffff;\"><li style=\"font-size: 16px;\">Tva\u030a ha\u030al inkl fingerinsatser\u00a0<span style=\"font-weight: bolder;\">680 kr<\/span><\/li><li style=\"font-size: 16px;\">Tre ha\u030al inkl fingerinsatser<br \/>+ solid tumme (ej utbytbar)\u00a0<span style=\"font-weight: bolder;\">980 kr<\/span><\/li><li style=\"font-size: 16px;\">Tre ha\u030al inkl fingerinsatser<br \/>+ tumhylsa Grip Lock, ytter\u00a0<span style=\"font-weight: bolder;\">980 kr<\/span><\/li><li style=\"font-size: 16px;\">Tre ha\u030al inkl fingerinsatser<br \/>+ tumhylsa Switch, ytter\u00a0<span style=\"font-weight: bolder;\">1180 kr<\/span><\/li><li style=\"font-size: 16px;\">Tre ha\u030al inkl fingerinsatser<br \/>+ tumhylsa IT, ytter\u00a0<span style=\"font-weight: bolder;\">1280 kr<\/span><\/li><\/ul>\t\t\t\t\t\t<\/div>\n\t\t\t\t<\/div>\n\t\t\t\t\t<\/div>\n\t\t<\/div>\n\t\t\t\t\t\t\t<\/div>\n\t\t<\/section>\n\t\t\t\t<div class=\"elementor-element elementor-element-b321681 elementor-widget elementor-widget-spacer\" data-id=\"b321681\" data-element_type=\"widget\" data-widget_type=\"spacer.default\">\n\t\t\t\t<div class=\"elementor-widget-container\">\n\t\t\t\t\t<div class=\"elementor-spacer\">\n\t\t\t<div class=\"elementor-spacer-inner\"><\/div>\n\t\t<\/div>\n\t\t\t\t<\/div>\n\t\t\t\t<\/div>\n\t\t\t\t<section class=\"elementor-section elementor-inner-section elementor-element elementor-element-2a7160d elementor-section-boxed elementor-section-height-default elementor-section-height-default\" data-id=\"2a7160d\" data-element_type=\"section\">\n\t\t\t\t\t\t<div class=\"elementor-container elementor-column-gap-default\">\n\t\t\t\t\t<div class=\"elementor-column elementor-col-33 elementor-inner-column elementor-element elementor-element-b8bc744\" data-id=\"b8bc744\" data-element_type=\"column\" data-settings=\"{&quot;background_background&quot;:&quot;classic&quot;}\">\n\t\t\t<div class=\"elementor-widget-wrap elementor-element-populated\">\n\t\t\t\t\t\t\t\t<div class=\"elementor-element elementor-element-52f0af8 elementor-widget elementor-widget-heading\" data-id=\"52f0af8\" data-element_type=\"widget\" data-widget_type=\"heading.default\">\n\t\t\t\t<div class=\"elementor-widget-container\">\n\t\t\t<h2 class=\"elementor-heading-title elementor-size-default\">\u00d6vrigt arbete<\/h2>\t\t<\/div>\n\t\t\t\t<\/div>\n\t\t\t\t<div class=\"elementor-element elementor-element-5063f97 elementor-widget elementor-widget-text-editor\" data-id=\"5063f97\" data-element_type=\"widget\" data-widget_type=\"text-editor.default\">\n\t\t\t\t<div class=\"elementor-widget-container\">\n\t\t\t\t\t\t\t<div class=\"page\" title=\"Page 1\"><div class=\"section\"><div class=\"layoutArea\"><div class=\"column\"><ul><li>Byte av fingerinsatser: <strong>150 kr<\/strong><\/li><li>Uroljning, ultraljud: <strong>150 kr<\/strong><\/li><li>Pluggning: <strong>480 kr<\/strong><\/li><li>Renovering: <strong>300 kr<\/strong><\/li><li>Lagning: <strong>kostnadsfo\u0308rslag efter bedo\u0308mning av skadan<\/strong><\/li><\/ul><\/div><\/div><\/div><\/div>\t\t\t\t\t\t<\/div>\n\t\t\t\t<\/div>\n\t\t\t\t\t<\/div>\n\t\t<\/div>\n\t\t\t\t<div class=\"elementor-column elementor-col-33 elementor-inner-column elementor-element elementor-element-9b54673\" data-id=\"9b54673\" data-element_type=\"column\" data-settings=\"{&quot;background_background&quot;:&quot;classic&quot;}\">\n\t\t\t<div class=\"elementor-widget-wrap elementor-element-populated\">\n\t\t\t\t\t\t\t\t<div class=\"elementor-element elementor-element-9695eeb elementor-widget elementor-widget-heading\" data-id=\"9695eeb\" data-element_type=\"widget\" data-widget_type=\"heading.default\">\n\t\t\t\t<div class=\"elementor-widget-container\">\n\t\t\t<h2 class=\"elementor-heading-title elementor-size-default\">Priser klot<\/h2>\t\t<\/div>\n\t\t\t\t<\/div>\n\t\t\t\t<div class=\"elementor-element elementor-element-1861442 elementor-widget elementor-widget-text-editor\" data-id=\"1861442\" data-element_type=\"widget\" data-widget_type=\"text-editor.default\">\n\t\t\t\t<div class=\"elementor-widget-container\">\n\t\t\t\t\t\t\t<div class=\"page\" title=\"Page 1\"><div class=\"section\"><div class=\"layoutArea\"><div class=\"column\">\u00a0<\/div><\/div><\/div><\/div><p><span style=\"font-family: Arial; font-weight: bold; color: var( --e-global-color-text ); font-size: 1rem;\">Klot<\/span><\/p><p><span lang=\"en-US\">Polyester\u00a0\u00a0\u00a0\u00a0\u00a0\u00a0\u00a0\u00a0\u00a0\u00a0\u00a0\u00a0\u00a0\u00a0\u00a0\u00a0 \u00a0 \u00a0 \u00a0 <b>990 &#8211; 1090:-<\/b><br \/>Entry level\u00a0 \u00a0 \u00a0 \u00a0 \u00a0 \u00a0 \u00a0 \u00a0 \u00a0\u00a0 <b>1690 &#8211; 2090:-<\/b><br \/>Mid level \u00a0 \u00a0 \u00a0 \u00a0 \u00a0 \u00a0 \u00a0 \u00a0 \u00a0 \u00a0\u00a0 <b>2090 &#8211; 2690:-<\/b><br \/>High performance\u00a0 \u00a0 \u00a0<b>2880 &#8211; upp\u00e5t <\/b><br \/>Urethan\u00a0\u00a0 \u00a0 \u00a0 \u00a0 \u00a0 \u00a0 \u00a0 \u00a0 \u00a0 \u00a0 \u00a0 <b>2360 &#8211; 2890:-<\/b><\/span><\/p><p><span lang=\"en-US\" style=\"font-family: Arial; font-weight: bold; language: en-US; mso-ansi-language: en-US; mso-ligatures: none;\">Startpaket (inkl. borrning)<br \/><\/span><span lang=\"en-US\">Ordinarie pris fr\u00e5n\u00a0 \u00a0 \u00a0 \u00a0 \u00a0 \u00a0 \u00a0 \u00a0 <b>\u00a0<\/b><\/span><span lang=\"en-US\" style=\"font-family: Arial; text-decoration-line: line-through;\"><b>3260<\/b><\/span><span lang=\"en-US\"><b>:-<\/b><br \/>Nu fr\u00e5n\u00a0\u00a0\u00a0 \u00a0\u00a0\u00a0\u00a0\u00a0\u00a0\u00a0\u00a0\u00a0\u00a0\u00a0\u00a0\u00a0\u00a0\u00a0 \u00a0 \u00a0 \u00a0 \u00a0 \u00a0 \u00a0 \u00a0 \u00a0 <b>2690:-<\/b><\/span><\/p><p><span lang=\"en-US\">Startpaket reactive<br \/>Ordinarie pris fr\u00e5n\u00a0 \u00a0 \u00a0 \u00a0 \u00a0 \u00a0 \u00a0 \u00a0\u00a0<\/span><span lang=\"en-US\" style=\"font-family: Arial; text-decoration-line: line-through;\"><b>3960<\/b><\/span><span lang=\"en-US\"><b>:-<\/b><br \/>Nu fr\u00e5n\u00a0\u00a0\u00a0 \u00a0\u00a0\u00a0\u00a0\u00a0\u00a0\u00a0\u00a0\u00a0\u00a0\u00a0\u00a0\u00a0\u00a0\u00a0\u00a0 \u00a0 \u00a0 \u00a0 \u00a0 \u00a0 \u00a0 \u00a0 \u00a0<b>3290:-<\/b><\/span><\/p>\t\t\t\t\t\t<\/div>\n\t\t\t\t<\/div>\n\t\t\t\t\t<\/div>\n\t\t<\/div>\n\t\t\t\t<div class=\"elementor-column elementor-col-33 elementor-inner-column elementor-element elementor-element-a4bca05\" data-id=\"a4bca05\" data-element_type=\"column\" data-settings=\"{&quot;background_background&quot;:&quot;classic&quot;}\">\n\t\t\t<div class=\"elementor-widget-wrap elementor-element-populated\">\n\t\t\t\t\t\t\t\t<div class=\"elementor-element elementor-element-ceeb66e elementor-widget elementor-widget-heading\" data-id=\"ceeb66e\" data-element_type=\"widget\" data-widget_type=\"heading.default\">\n\t\t\t\t<div class=\"elementor-widget-container\">\n\t\t\t<h2 class=\"elementor-heading-title elementor-size-default\">Bes\u00f6k oss i Upplands V\u00e4sby<\/h2>\t\t<\/div>\n\t\t\t\t<\/div>\n\t\t\t\t<div class=\"elementor-element elementor-element-75d1643 elementor-widget elementor-widget-google_maps\" data-id=\"75d1643\" data-element_type=\"widget\" data-widget_type=\"google_maps.default\">\n\t\t\t\t<div class=\"elementor-widget-container\">\n\t\t\t\t\t<div class=\"elementor-custom-embed\">\n\t\t\t<iframe loading=\"lazy\"\n\t\t\t\t\tsrc=\"https:\/\/maps.google.com\/maps?q=Perfect%20Strike%20V%C3%A4sby%20Bowling%20AB&#038;t=m&#038;z=14&#038;output=embed&#038;iwloc=near\"\n\t\t\t\t\ttitle=\"Perfect Strike V\u00e4sby Bowling AB\"\n\t\t\t\t\taria-label=\"Perfect Strike V\u00e4sby Bowling AB\"\n\t\t\t><\/iframe>\n\t\t<\/div>\n\t\t\t\t<\/div>\n\t\t\t\t<\/div>\n\t\t\t\t<div class=\"elementor-element elementor-element-97c5ae5 elementor-widget elementor-widget-heading\" data-id=\"97c5ae5\" data-element_type=\"widget\" data-widget_type=\"heading.default\">\n\t\t\t\t<div class=\"elementor-widget-container\">\n\t\t\t<h2 class=\"elementor-heading-title elementor-size-default\">V\u00e4ster\u00e5s och borrbussen<\/h2>\t\t<\/div>\n\t\t\t\t<\/div>\n\t\t\t\t<div class=\"elementor-element elementor-element-c25ffa4 elementor-widget elementor-widget-text-editor\" data-id=\"c25ffa4\" data-element_type=\"widget\" data-widget_type=\"text-editor.default\">\n\t\t\t\t<div class=\"elementor-widget-container\">\n\t\t\t\t\t\t\t<p>Bes\u00f6k oss i V\u00e4ster\u00e5s eller n\u00e4r borrbussen bes\u00f6ker er hall. Boka tid i respektive hall.<\/p>\t\t\t\t\t\t<\/div>\n\t\t\t\t<\/div>\n\t\t\t\t<div class=\"elementor-element elementor-element-c38462e elementor-widget elementor-widget-facebook-page\" data-id=\"c38462e\" data-element_type=\"widget\" data-widget_type=\"facebook-page.default\">\n\t\t\t\t<div class=\"elementor-widget-container\">\n\t\t\t<div class=\"elementor-facebook-widget fb-page\" data-href=\"https:\/\/www.facebook.com\/PSBOWLING\" data-tabs=\"timeline\" data-height=\"500px\" data-width=\"500px\" data-small-header=\"true\" data-hide-cover=\"false\" data-show-facepile=\"true\" data-hide-cta=\"true\" style=\"min-height: 1px;height:500px\"><\/div>\t\t<\/div>\n\t\t\t\t<\/div>\n\t\t\t\t\t<\/div>\n\t\t<\/div>\n\t\t\t\t\t\t\t<\/div>\n\t\t<\/section>\n\t\t\t\t\t<\/div>\n\t\t<\/div>\n\t\t\t\t\t\t\t<\/div>\n\t\t<\/section>\n\t\t\t\t<section class=\"elementor-section elementor-top-section elementor-element elementor-element-d66a3bb elementor-section-boxed elementor-section-height-default elementor-section-height-default\" data-id=\"d66a3bb\" data-element_type=\"section\" data-settings=\"{&quot;background_background&quot;:&quot;classic&quot;,&quot;shape_divider_top&quot;:&quot;mountains&quot;}\">\n\t\t\t\t\t\t\t<div class=\"elementor-background-overlay\"><\/div>\n\t\t\t\t\t\t<div class=\"elementor-shape elementor-shape-top\" data-negative=\"false\">\n\t\t\t<svg xmlns=\"http:\/\/www.w3.org\/2000\/svg\" viewBox=\"0 0 1000 100\" preserveAspectRatio=\"none\">\n\t<path class=\"elementor-shape-fill\" opacity=\"0.33\" d=\"M473,67.3c-203.9,88.3-263.1-34-320.3,0C66,119.1,0,59.7,0,59.7V0h1000v59.7 c0,0-62.1,26.1-94.9,29.3c-32.8,3.3-62.8-12.3-75.8-22.1C806,49.6,745.3,8.7,694.9,4.7S492.4,59,473,67.3z\"\/>\n\t<path class=\"elementor-shape-fill\" opacity=\"0.66\" d=\"M734,67.3c-45.5,0-77.2-23.2-129.1-39.1c-28.6-8.7-150.3-10.1-254,39.1 s-91.7-34.4-149.2,0C115.7,118.3,0,39.8,0,39.8V0h1000v36.5c0,0-28.2-18.5-92.1-18.5C810.2,18.1,775.7,67.3,734,67.3z\"\/>\n\t<path class=\"elementor-shape-fill\" d=\"M766.1,28.9c-200-57.5-266,65.5-395.1,19.5C242,1.8,242,5.4,184.8,20.6C128,35.8,132.3,44.9,89.9,52.5C28.6,63.7,0,0,0,0 h1000c0,0-9.9,40.9-83.6,48.1S829.6,47,766.1,28.9z\"\/>\n<\/svg>\t\t<\/div>\n\t\t\t\t\t<div class=\"elementor-container elementor-column-gap-default\">\n\t\t\t\t\t<div class=\"elementor-column elementor-col-100 elementor-top-column elementor-element elementor-element-4e20084\" data-id=\"4e20084\" data-element_type=\"column\">\n\t\t\t<div class=\"elementor-widget-wrap elementor-element-populated\">\n\t\t\t\t\t\t\t\t<div class=\"elementor-element elementor-element-3bac154 elementor-widget elementor-widget-heading\" data-id=\"3bac154\" data-element_type=\"widget\" data-widget_type=\"heading.default\">\n\t\t\t\t<div class=\"elementor-widget-container\">\n\t\t\t<h3 class=\"elementor-heading-title elementor-size-default\">PRO SHOP\nON THE ROAD<\/h3>\t\t<\/div>\n\t\t\t\t<\/div>\n\t\t\t\t<div class=\"elementor-element elementor-element-b802ed9 elementor-widget-divider--view-line elementor-widget elementor-widget-divider\" data-id=\"b802ed9\" data-element_type=\"widget\" data-widget_type=\"divider.default\">\n\t\t\t\t<div class=\"elementor-widget-container\">\n\t\t\t\t\t<div class=\"elementor-divider\">\n\t\t\t<span class=\"elementor-divider-separator\">\n\t\t\t\t\t\t<\/span>\n\t\t<\/div>\n\t\t\t\t<\/div>\n\t\t\t\t<\/div>\n\t\t\t\t<div class=\"elementor-element elementor-element-8a48bcb elementor-widget elementor-widget-image\" data-id=\"8a48bcb\" data-element_type=\"widget\" data-widget_type=\"image.default\">\n\t\t\t\t<div class=\"elementor-widget-container\">\n\t\t\t\t\t\t\t\t\t\t\t\t\t\t\t<img decoding=\"async\" width=\"180\" height=\"84\" src=\"https:\/\/psbowling.se\/wp-content\/uploads\/2020\/10\/373518_193814780710292_107789520_n1.jpg\" class=\"attachment-large size-large wp-image-258\" alt=\"\" loading=\"lazy\" \/>\t\t\t\t\t\t\t\t\t\t\t\t\t\t\t<\/div>\n\t\t\t\t<\/div>\n\t\t\t\t<div class=\"elementor-element elementor-element-14c58d2 elementor-widget elementor-widget-text-editor\" data-id=\"14c58d2\" data-element_type=\"widget\" data-widget_type=\"text-editor.default\">\n\t\t\t\t<div class=\"elementor-widget-container\">\n\t\t\t\t\t\t\t<p>Har du l\u00e5ngt att \u00e5ka till PS Bowling?<br \/><strong>Inga problem.<br \/><\/strong><br \/>Vi har en Proshop p\u00e5 4 hjul. Borrbussen \u00e4r en<br \/>komplett Proshop bes\u00f6ker hallar runt om i hela Sverige.<\/p><p>Kontakta oss f\u00f6r tidpunkt n\u00e4r bussen<br \/>bes\u00f6ker en hall n\u00e4ra dig eller om du har \u00f6nskem\u00e5l om ett bes\u00f6k.<\/p><p>Telefon:\u00a0<b>08-299 300<\/b><\/p>\t\t\t\t\t\t<\/div>\n\t\t\t\t<\/div>\n\t\t\t\t<div class=\"elementor-element elementor-element-6b2222e elementor-widget elementor-widget-spacer\" data-id=\"6b2222e\" data-element_type=\"widget\" data-widget_type=\"spacer.default\">\n\t\t\t\t<div class=\"elementor-widget-container\">\n\t\t\t\t\t<div class=\"elementor-spacer\">\n\t\t\t<div class=\"elementor-spacer-inner\"><\/div>\n\t\t<\/div>\n\t\t\t\t<\/div>\n\t\t\t\t<\/div>\n\t\t\t\t\t<\/div>\n\t\t<\/div>\n\t\t\t\t\t\t\t<\/div>\n\t\t<\/section>\n\t\t\t\t\t\t\t<\/div>\n\t\t","protected":false},"excerpt":{"rendered":"<p>Vi ser till att din bowlingutrustning \u00e4r i toppskick. Hos oss hittar ni de senaste nyheterna fr\u00e5n dom st\u00f6rsta tillverkarna. Givetvis ser vi \u00f6ver ditt befintliga material och renoverar och kompletterar efter just ert behov och \u00f6nskem\u00e5l. V\u00e4lkommen V\u00e4lkommen till\u00a0PS Bowling Proshop Vi ser till att din bowlingutrustning \u00e4r i toppskick. Hos oss hittar ni [&hellip;]<\/p>\n","protected":false},"author":3,"featured_media":0,"parent":0,"menu_order":0,"comment_status":"closed","ping_status":"closed","template":"elementor_header_footer","meta":[],"_links":{"self":[{"href":"https:\/\/psbowling.se\/index.php?rest_route=\/wp\/v2\/pages\/113"}],"collection":[{"href":"https:\/\/psbowling.se\/index.php?rest_route=\/wp\/v2\/pages"}],"about":[{"href":"https:\/\/psbowling.se\/index.php?rest_route=\/wp\/v2\/types\/page"}],"author":[{"embeddable":true,"href":"https:\/\/psbowling.se\/index.php?rest_route=\/wp\/v2\/users\/3"}],"replies":[{"embeddable":true,"href":"https:\/\/psbowling.se\/index.php?rest_route=%2Fwp%2Fv2%2Fcomments&post=113"}],"version-history":[{"count":196,"href":"https:\/\/psbowling.se\/index.php?rest_route=\/wp\/v2\/pages\/113\/revisions"}],"predecessor-version":[{"id":2154,"href":"https:\/\/psbowling.se\/index.php?rest_route=\/wp\/v2\/pages\/113\/revisions\/2154"}],"wp:attachment":[{"href":"https:\/\/psbowling.se\/index.php?rest_route=%2Fwp%2Fv2%2Fmedia&parent=113"}],"curies":[{"name":"wp","href":"https:\/\/api.w.org\/{rel}","templated":true}]}}