{"id":1086,"date":"2024-08-11T15:20:01","date_gmt":"2024-08-11T14:20:01","guid":{"rendered":"http:\/\/psbowling.s4.kimsoft.se\/?page_id=1086"},"modified":"2025-06-07T13:42:22","modified_gmt":"2025-06-07T12:42:22","slug":"priser","status":"publish","type":"page","link":"https:\/\/psbowling.se\/?page_id=1086","title":{"rendered":"Priser"},"content":{"rendered":"\t\t<div data-elementor-type=\"wp-page\" data-elementor-id=\"1086\" class=\"elementor elementor-1086\" data-elementor-post-type=\"page\">\n\t\t\t\t\t\t\t\t\t<section class=\"elementor-section elementor-top-section elementor-element elementor-element-e9d1711 elementor-section-height-min-height elementor-section-boxed elementor-section-height-default elementor-section-items-middle\" data-id=\"e9d1711\" data-element_type=\"section\" data-settings=\"{&quot;background_background&quot;:&quot;classic&quot;}\">\n\t\t\t\t\t\t\t<div class=\"elementor-background-overlay\"><\/div>\n\t\t\t\t\t\t\t<div class=\"elementor-container elementor-column-gap-default\">\n\t\t\t\t\t<div class=\"elementor-column elementor-col-100 elementor-top-column elementor-element elementor-element-b7093b2\" data-id=\"b7093b2\" data-element_type=\"column\">\n\t\t\t<div class=\"elementor-widget-wrap elementor-element-populated\">\n\t\t\t\t\t\t\t\t<div class=\"elementor-element elementor-element-e1b981d elementor-blockquote--skin-quotation elementor-blockquote--align-center elementor-blockquote--button-color-official elementor-widget elementor-widget-blockquote\" data-id=\"e1b981d\" data-element_type=\"widget\" data-widget_type=\"blockquote.default\">\n\t\t\t\t<div class=\"elementor-widget-container\">\n\t\t\t\t\t<blockquote class=\"elementor-blockquote\">\n\t\t\t<p class=\"elementor-blockquote__content\">\n\t\t\t\tPrisv\u00e4rd bowling\t\t\t<\/p>\n\t\t\t\t\t<\/blockquote>\n\t\t\t\t<\/div>\n\t\t\t\t<\/div>\n\t\t\t\t\t<\/div>\n\t\t<\/div>\n\t\t\t\t\t\t\t<\/div>\n\t\t<\/section>\n\t\t\t\t<section class=\"elementor-section elementor-top-section elementor-element elementor-element-216878c elementor-section-boxed elementor-section-height-default elementor-section-height-default\" data-id=\"216878c\" data-element_type=\"section\">\n\t\t\t\t\t\t<div class=\"elementor-container elementor-column-gap-default\">\n\t\t\t\t\t<div class=\"elementor-column elementor-col-100 elementor-top-column elementor-element elementor-element-a21a264\" data-id=\"a21a264\" data-element_type=\"column\">\n\t\t\t<div class=\"elementor-widget-wrap elementor-element-populated\">\n\t\t\t\t\t\t\t\t<div class=\"elementor-element elementor-element-4a4c386 elementor-widget elementor-widget-spacer\" data-id=\"4a4c386\" data-element_type=\"widget\" data-widget_type=\"spacer.default\">\n\t\t\t\t<div class=\"elementor-widget-container\">\n\t\t\t\t\t<div class=\"elementor-spacer\">\n\t\t\t<div class=\"elementor-spacer-inner\"><\/div>\n\t\t<\/div>\n\t\t\t\t<\/div>\n\t\t\t\t<\/div>\n\t\t\t\t<div class=\"elementor-element elementor-element-7043ebb elementor-widget elementor-widget-heading\" data-id=\"7043ebb\" data-element_type=\"widget\" data-widget_type=\"heading.default\">\n\t\t\t\t<div class=\"elementor-widget-container\">\n\t\t\t<h2 class=\"elementor-heading-title elementor-size-default\">V\u00e5ra priser<\/h2>\t\t<\/div>\n\t\t\t\t<\/div>\n\t\t\t\t<section class=\"elementor-section elementor-inner-section elementor-element elementor-element-56d9376 elementor-section-boxed elementor-section-height-default elementor-section-height-default\" data-id=\"56d9376\" data-element_type=\"section\">\n\t\t\t\t\t\t<div class=\"elementor-container elementor-column-gap-default\">\n\t\t\t\t\t<div class=\"elementor-column elementor-col-50 elementor-inner-column elementor-element elementor-element-671772e\" data-id=\"671772e\" data-element_type=\"column\">\n\t\t\t<div class=\"elementor-widget-wrap elementor-element-populated\">\n\t\t\t\t\t\t\t\t<div class=\"elementor-element elementor-element-fe40da4 elementor-widget elementor-widget-text-editor\" data-id=\"fe40da4\" data-element_type=\"widget\" data-widget_type=\"text-editor.default\">\n\t\t\t\t<div class=\"elementor-widget-container\">\n\t\t\t\t\t\t\t<p>M\u00e5ndag &#8211; torsdag + fredag dagtid, <strong>299:-<\/strong><\/p><p>Fredag (efter 18) och helg, <strong>380:-<\/strong><\/p><p>Ungdom m\u00e5ndag &#8211; fredag dagtid (f\u00f6re 18),\u00a0<span style=\"font-weight: bolder;\">200:-<\/span><\/p><p>Skolor o.dyl, m\u00e5ndag &#8211; fredag dagtid (f\u00f6re 18), <strong>250:-<\/strong><\/p><p><strong>Priser med Epassi<\/strong><\/p><p>M\u00e5ndag &#8211; torsdag + fredag dagtid, <strong>335:-<\/strong><\/p><p>Fredag (efter 18) och helg, <strong>425:-<\/strong><\/p>\t\t\t\t\t\t<\/div>\n\t\t\t\t<\/div>\n\t\t\t\t\t<\/div>\n\t\t<\/div>\n\t\t\t\t<div class=\"elementor-column elementor-col-50 elementor-inner-column elementor-element elementor-element-369a7c1\" data-id=\"369a7c1\" data-element_type=\"column\">\n\t\t\t<div class=\"elementor-widget-wrap elementor-element-populated\">\n\t\t\t\t\t\t\t\t<div class=\"elementor-element elementor-element-c4f1670 elementor-widget elementor-widget-text-editor\" data-id=\"c4f1670\" data-element_type=\"widget\" data-widget_type=\"text-editor.default\">\n\t\t\t\t<div class=\"elementor-widget-container\">\n\t\t\t\t\t\t\t<p><span class=\"text-strong text-uppercase\">Skohyra<\/span> och l\u00e5n av hallklot ing\u00e5r i timpriset till alla i s\u00e4llskapet. Strumpor som \u00e4r obligatoriskt m\u00e5ste du dock ha med dig sj\u00e4lv, antingen de du redan har p\u00e5 dig eller om du tar med ett extra ombyte.<\/p><p class=\"text-dark margin-bottom-20\"><span class=\"text-strong text-uppercase\">Bowlingpriserna<\/span> g\u00e4ller per bana och bokad timme. En bowlingtimme \u00e4r 55 minuter. Resterande 5 minuter \u00e4r f\u00f6r att s\u00e4llskap ska avsluta respektive kliva p\u00e5 banorna.<\/p><p><span style=\"color: var( --e-global-color-text ); font-family: var( --e-global-typography-text-font-family ), Sans-serif; font-weight: var( --e-global-typography-text-font-weight ); font-size: 1rem;\">Vi accepterar f\u00f6ljande betals\u00e4tt<\/span><\/p><ul><li class=\"text-dark margin-bottom-20\"><span style=\"color: var( --e-global-color-text ); font-family: var( --e-global-typography-text-font-family ), Sans-serif; font-weight: var( --e-global-typography-text-font-weight ); font-size: 1rem;\">Kort, VISA\/Mastercard, ej AMEX eller Diners<\/span><\/li><li>Swish<\/li><li>Kontant<\/li><li>Epassi<\/li><li>Presentkort utf\u00e4rdadat av PS Bowling<\/li><\/ul><p>Du kan betala din bowling med Epassiappen n\u00e4r du checkar in, ej via f\u00f6rk\u00f6pt voucher. G\u00e4ller endast bowling, inte mat och dryck eller kalas.<\/p>\t\t\t\t\t\t<\/div>\n\t\t\t\t<\/div>\n\t\t\t\t\t<\/div>\n\t\t<\/div>\n\t\t\t\t\t\t\t<\/div>\n\t\t<\/section>\n\t\t\t\t\t<\/div>\n\t\t<\/div>\n\t\t\t\t\t\t\t<\/div>\n\t\t<\/section>\n\t\t\t\t\t\t\t<\/div>\n\t\t","protected":false},"excerpt":{"rendered":"<p>Prisv\u00e4rd bowling V\u00e5ra priser M\u00e5ndag &#8211; torsdag + fredag dagtid, 299:- Fredag (efter 18) och helg, 380:- Ungdom m\u00e5ndag &#8211; fredag dagtid (f\u00f6re 18),\u00a0200:- Skolor o.dyl, m\u00e5ndag &#8211; fredag dagtid (f\u00f6re 18), 250:- Priser med Epassi M\u00e5ndag &#8211; torsdag + fredag dagtid, 335:- Fredag (efter 18) och helg, 425:- Skohyra och l\u00e5n av hallklot ing\u00e5r [&hellip;]<\/p>\n","protected":false},"author":3,"featured_media":0,"parent":0,"menu_order":0,"comment_status":"closed","ping_status":"closed","template":"elementor_header_footer","meta":[],"_links":{"self":[{"href":"https:\/\/psbowling.se\/index.php?rest_route=\/wp\/v2\/pages\/1086"}],"collection":[{"href":"https:\/\/psbowling.se\/index.php?rest_route=\/wp\/v2\/pages"}],"about":[{"href":"https:\/\/psbowling.se\/index.php?rest_route=\/wp\/v2\/types\/page"}],"author":[{"embeddable":true,"href":"https:\/\/psbowling.se\/index.php?rest_route=\/wp\/v2\/users\/3"}],"replies":[{"embeddable":true,"href":"https:\/\/psbowling.se\/index.php?rest_route=%2Fwp%2Fv2%2Fcomments&post=1086"}],"version-history":[{"count":62,"href":"https:\/\/psbowling.se\/index.php?rest_route=\/wp\/v2\/pages\/1086\/revisions"}],"predecessor-version":[{"id":2389,"href":"https:\/\/psbowling.se\/index.php?rest_route=\/wp\/v2\/pages\/1086\/revisions\/2389"}],"wp:attachment":[{"href":"https:\/\/psbowling.se\/index.php?rest_route=%2Fwp%2Fv2%2Fmedia&parent=1086"}],"curies":[{"name":"wp","href":"https:\/\/api.w.org\/{rel}","templated":true}]}}